{"id":17,"date":"2021-02-20T04:44:55","date_gmt":"2021-02-20T04:44:55","guid":{"rendered":"https:\/\/tanulikkus.ee\/home\/"},"modified":"2023-09-02T16:45:44","modified_gmt":"2023-09-02T16:45:44","slug":"avaleht","status":"publish","type":"page","link":"https:\/\/tanulikkus.ee\/et\/","title":{"rendered":"Kodu"},"content":{"rendered":"<div data-elementor-type=\"wp-page\" data-elementor-id=\"17\" class=\"elementor elementor-17\">\n\t\t\t\t\t\t<section class=\"elementor-section elementor-top-section elementor-element elementor-element-f19101c elementor-section-full_width elementor-section-height-default elementor-section-height-default\" data-id=\"f19101c\" data-element_type=\"section\" data-e-type=\"section\">\n\t\t\t\t\t\t<div class=\"elementor-container elementor-column-gap-default\">\n\t\t\t\t\t<div class=\"elementor-column elementor-col-100 elementor-top-column elementor-element elementor-element-ca5b3de\" data-id=\"ca5b3de\" data-element_type=\"column\" data-e-type=\"column\" data-settings=\"{&quot;background_background&quot;:&quot;slideshow&quot;,&quot;background_slideshow_gallery&quot;:[],&quot;background_slideshow_loop&quot;:&quot;yes&quot;,&quot;background_slideshow_slide_duration&quot;:5000,&quot;background_slideshow_slide_transition&quot;:&quot;fade&quot;,&quot;background_slideshow_transition_duration&quot;:500}\">\n\t\t\t<div class=\"elementor-widget-wrap elementor-element-populated\">\n\t\t\t\t\t\t<div class=\"elementor-element elementor-element-6b51ae9 elementor-widget__width-initial elementor-widget elementor-widget-image\" data-id=\"6b51ae9\" data-element_type=\"widget\" data-e-type=\"widget\" data-widget_type=\"image.default\">\n\t\t\t\t<div class=\"elementor-widget-container\">\n\t\t\t\t\t\t\t\t\t\t\t\t<figure class=\"wp-caption\">\n\t\t\t\t\t\t\t\t\t\t\t<a href=\"\">\n\t\t\t\t\t\t\t<img decoding=\"async\" src=\"https:\/\/tanulikkus.ee\/wp-content\/uploads\/elementor\/thumbs\/pexels-abhilash-sahoo-4337174-1-scaled-qbohh81smfdm06j5cmmzcd2bfio9uq3hrzh4vowvig.jpg\" title=\"pexels-abhilash-sahoo-4337174-1\" alt=\"pexels-abhilash-sahoo-4337174-1\" loading=\"lazy\" \/>\t\t\t\t\t\t\t\t<\/a>\n\t\t\t\t\t\t\t\t\t\t\t<figcaption class=\"widget-image-caption wp-caption-text\"><\/figcaption>\n\t\t\t\t\t\t\t\t\t\t<\/figure>\n\t\t\t\t\t\t\t\t\t<\/div>\n\t\t\t\t<\/div>\n\t\t\t\t\t<\/div>\n\t\t<\/div>\n\t\t\t\t\t<\/div>\n\t\t<\/section>\n\t\t\t\t<section class=\"elementor-section elementor-top-section elementor-element elementor-element-500904e elementor-section-boxed elementor-section-height-default elementor-section-height-default\" data-id=\"500904e\" data-element_type=\"section\" data-e-type=\"section\" data-settings=\"{&quot;background_background&quot;:&quot;classic&quot;}\">\n\t\t\t\t\t\t<div class=\"elementor-container elementor-column-gap-no\">\n\t\t\t\t\t<div class=\"elementor-column elementor-col-100 elementor-top-column elementor-element elementor-element-750722c\" data-id=\"750722c\" data-element_type=\"column\" data-e-type=\"column\">\n\t\t\t<div class=\"elementor-widget-wrap\">\n\t\t\t\t\t\t\t<\/div>\n\t\t<\/div>\n\t\t\t\t\t<\/div>\n\t\t<\/section>\n\t\t\t\t<section class=\"elementor-section elementor-top-section elementor-element elementor-element-c8d9ac1 elementor-section-boxed elementor-section-height-default elementor-section-height-default\" data-id=\"c8d9ac1\" data-element_type=\"section\" data-e-type=\"section\" data-settings=\"{&quot;background_background&quot;:&quot;classic&quot;}\">\n\t\t\t\t\t\t<div class=\"elementor-container elementor-column-gap-no\">\n\t\t\t\t\t<div class=\"elementor-column elementor-col-100 elementor-top-column elementor-element elementor-element-4295c66\" data-id=\"4295c66\" data-element_type=\"column\" data-e-type=\"column\">\n\t\t\t<div class=\"elementor-widget-wrap elementor-element-populated\">\n\t\t\t\t\t\t<div class=\"elementor-element elementor-element-586a3d9 elementor-widget elementor-widget-heading\" data-id=\"586a3d9\" data-element_type=\"widget\" data-e-type=\"widget\" data-widget_type=\"heading.default\">\n\t\t\t\t<div class=\"elementor-widget-container\">\n\t\t\t\t\t<h2 class=\"elementor-heading-title elementor-size-default\">Mida inimesed t\u00e4nulikkusest r\u00e4\u00e4givad? <\/h2>\t\t\t\t<\/div>\n\t\t\t\t<\/div>\n\t\t\t\t<section class=\"elementor-section elementor-inner-section elementor-element elementor-element-4ff4e50 elementor-section-boxed elementor-section-height-default elementor-section-height-default\" data-id=\"4ff4e50\" data-element_type=\"section\" data-e-type=\"section\">\n\t\t\t\t\t\t<div class=\"elementor-container elementor-column-gap-no\">\n\t\t\t\t\t<div class=\"elementor-column elementor-col-33 elementor-inner-column elementor-element elementor-element-69e16c9\" data-id=\"69e16c9\" data-element_type=\"column\" data-e-type=\"column\">\n\t\t\t<div class=\"elementor-widget-wrap elementor-element-populated\">\n\t\t\t\t\t\t<div class=\"elementor-element elementor-element-8aa82c1 elementor-widget elementor-widget-testimonial\" data-id=\"8aa82c1\" data-element_type=\"widget\" data-e-type=\"widget\" data-widget_type=\"testimonial.default\">\n\t\t\t\t<div class=\"elementor-widget-container\">\n\t\t\t\t\t\t\t<div class=\"elementor-testimonial-wrapper\">\n\t\t\t\t\t\t\t<div class=\"elementor-testimonial-content\">M\u00e4rka kuidas asjad su \u00fcmber l\u00e4hevad paremaks. Kuidas elu pidevalt hoolitseb su eest. Kuidas sul on alati olemas s\u00f5prus, kodu, t\u00f6\u00f6, armastus, toetus, v\u00f5imalused, kasv ja raha. M\u00e4rka, kuidas millisele ajutisele tasutausele on alati j\u00e4rgnenud m\u00e4rkimisv\u00e4\u00e4rne heaolu kasv ja t\u00f5us. N\u00e4e, kuidas elu on alati v\u00f5imalustega abiks ja kuidas sa oled inimene, kes on alati k\u00f5ik v\u00f5imalused p\u00f6\u00f6ranud v\u00f5itudeks. Tea, et sa pole kunagi kedagi alt vedanud. Tea, et mis iganes ei juhtu, siis nagu minevikust n\u00e4ha, on v\u00f5imalik alati usaldada, sest sa oled inimene, kes saab k\u00f5igega hakkama. Paljud, mis tunduksid teised asjad jaoks on vaja, millest sa sirge seljaga l\u00e4bi tulnud. N\u00e4e, kuidas omamoodi on iga aasta su elus olnud parem kui eelmine. Tea, et sa oled \u00e4ge t\u00fc\u00fcp, kes meeldib meestele, naistele, vanadele ja noortele. M\u00e4rka, kuidas t\u00e4nu sinule on inimesed r\u00f5\u00f5msad, positiivsed ja \u00f5nnelikud. Ole t\u00e4nulik oma mineviku negatiivsusele, sest see on s\u00fcnnitanud sinu oleviku positiivsuse ja aidanud nii paljudel olla elujaatavam.<\/div>\n\t\t\t\n\t\t\t\t\t\t<div class=\"elementor-testimonial-meta elementor-has-image elementor-testimonial-image-position-aside\">\n\t\t\t\t<div class=\"elementor-testimonial-meta-inner\">\n\t\t\t\t\t\t\t\t\t\t\t<div class=\"elementor-testimonial-image\">\n\t\t\t\t\t\t\t<img fetchpriority=\"high\" decoding=\"async\" width=\"1200\" height=\"1200\" src=\"https:\/\/tanulikkus.ee\/wp-content\/uploads\/2023\/05\/Alar-ojastu.jpg\" class=\"attachment-full size-full wp-image-24535\" alt=\"Alar Ojastu, koolitaja\" srcset=\"https:\/\/tanulikkus.ee\/wp-content\/uploads\/2023\/05\/Alar-ojastu.jpg 1200w, https:\/\/tanulikkus.ee\/wp-content\/uploads\/2023\/05\/Alar-ojastu-160x160.jpg 160w, https:\/\/tanulikkus.ee\/wp-content\/uploads\/2023\/05\/Alar-ojastu-600x600.jpg 600w, https:\/\/tanulikkus.ee\/wp-content\/uploads\/2023\/05\/Alar-ojastu-300x300.jpg 300w, https:\/\/tanulikkus.ee\/wp-content\/uploads\/2023\/05\/Alar-ojastu-1024x1024.jpg 1024w, https:\/\/tanulikkus.ee\/wp-content\/uploads\/2023\/05\/Alar-ojastu-150x150.jpg 150w, https:\/\/tanulikkus.ee\/wp-content\/uploads\/2023\/05\/Alar-ojastu-768x768.jpg 768w\" sizes=\"(max-width: 1200px) 100vw, 1200px\" \/>\t\t\t\t\t\t<\/div>\n\t\t\t\t\t\n\t\t\t\t\t\t\t\t\t\t<div class=\"elementor-testimonial-details\">\n\t\t\t\t\t\t\t\t\t\t\t\t\t\t<div class=\"elementor-testimonial-name\">Alar Ojastu<\/div>\n\t\t\t\t\t\t\t\t\t\t\t\t\t\t\t\t\t\t\t\t\t\t<div class=\"elementor-testimonial-job\">Koolitaja<\/div>\n\t\t\t\t\t\t\t\t\t\t\t\t\t<\/div>\n\t\t\t\t\t\t\t\t\t<\/div>\n\t\t\t<\/div>\n\t\t\t\t\t<\/div>\n\t\t\t\t\t\t<\/div>\n\t\t\t\t<\/div>\n\t\t\t\t\t<\/div>\n\t\t<\/div>\n\t\t\t\t<div class=\"elementor-column elementor-col-33 elementor-inner-column elementor-element elementor-element-2ee866e\" data-id=\"2ee866e\" data-element_type=\"column\" data-e-type=\"column\">\n\t\t\t<div class=\"elementor-widget-wrap elementor-element-populated\">\n\t\t\t\t\t\t<div class=\"elementor-element elementor-element-6d9da2a elementor-widget elementor-widget-testimonial\" data-id=\"6d9da2a\" data-element_type=\"widget\" data-e-type=\"widget\" data-widget_type=\"testimonial.default\">\n\t\t\t\t<div class=\"elementor-widget-container\">\n\t\t\t\t\t\t\t<div class=\"elementor-testimonial-wrapper\">\n\t\t\t\t\t\t\t<div class=\"elementor-testimonial-content\">T\u00e4nulikkus - minu meelest on v\u00f5imalik n\u00e4idata seda v\u00e4lja rohkem tegudega kui s\u00f5nadega. T\u00e4nulik saab elus olla v\u00e4ga paljude asjade eest - mina olen t\u00e4nulik, et olen elus ja terve. Olen t\u00e4nulik, et mul on terved ja r\u00f5\u00f5msad lapsed. Olen t\u00e4nulik, et saan tegeleda sellega, mis hingele pai teeb. Olen t\u00e4nulik inimestele, kes on mind mingitmoodi elus aidanud v\u00f5i toeks olnud. T\u00e4nulikkus on ilus. T\u00e4nulikkus on miskit, mis on v\u00e4ga lihtne v\u00e4lja n\u00e4idata\/\u00f6elda.<\/div>\n\t\t\t\n\t\t\t\t\t\t<div class=\"elementor-testimonial-meta elementor-has-image elementor-testimonial-image-position-aside\">\n\t\t\t\t<div class=\"elementor-testimonial-meta-inner\">\n\t\t\t\t\t\t\t\t\t\t\t<div class=\"elementor-testimonial-image\">\n\t\t\t\t\t\t\t<img decoding=\"async\" width=\"1920\" height=\"2560\" src=\"https:\/\/tanulikkus.ee\/wp-content\/uploads\/2023\/05\/Jane-Merela-scaled.jpg\" class=\"attachment-full size-full wp-image-24690\" alt=\"\" srcset=\"https:\/\/tanulikkus.ee\/wp-content\/uploads\/2023\/05\/Jane-Merela-scaled.jpg 1920w, https:\/\/tanulikkus.ee\/wp-content\/uploads\/2023\/05\/Jane-Merela-scaled-600x800.jpg 600w, https:\/\/tanulikkus.ee\/wp-content\/uploads\/2023\/05\/Jane-Merela-225x300.jpg 225w, https:\/\/tanulikkus.ee\/wp-content\/uploads\/2023\/05\/Jane-Merela-768x1024.jpg 768w, https:\/\/tanulikkus.ee\/wp-content\/uploads\/2023\/05\/Jane-Merela-1152x1536.jpg 1152w, https:\/\/tanulikkus.ee\/wp-content\/uploads\/2023\/05\/Jane-Merela-1536x2048.jpg 1536w\" sizes=\"(max-width: 1920px) 100vw, 1920px\" \/>\t\t\t\t\t\t<\/div>\n\t\t\t\t\t\n\t\t\t\t\t\t\t\t\t\t<div class=\"elementor-testimonial-details\">\n\t\t\t\t\t\t\t\t\t\t\t\t\t\t<div class=\"elementor-testimonial-name\">Jane Merela<\/div>\n\t\t\t\t\t\t\t\t\t\t\t\t\t\t\t\t\t\t\t\t\t\t<div class=\"elementor-testimonial-job\">Blogija<\/div>\n\t\t\t\t\t\t\t\t\t\t\t\t\t<\/div>\n\t\t\t\t\t\t\t\t\t<\/div>\n\t\t\t<\/div>\n\t\t\t\t\t<\/div>\n\t\t\t\t\t\t<\/div>\n\t\t\t\t<\/div>\n\t\t\t\t\t<\/div>\n\t\t<\/div>\n\t\t\t\t<div class=\"elementor-column elementor-col-33 elementor-inner-column elementor-element elementor-element-509a880\" data-id=\"509a880\" data-element_type=\"column\" data-e-type=\"column\">\n\t\t\t<div class=\"elementor-widget-wrap elementor-element-populated\">\n\t\t\t\t\t\t<div class=\"elementor-element elementor-element-6a1d847 elementor-widget elementor-widget-testimonial\" data-id=\"6a1d847\" data-element_type=\"widget\" data-e-type=\"widget\" data-widget_type=\"testimonial.default\">\n\t\t\t\t<div class=\"elementor-widget-container\">\n\t\t\t\t\t\t\t<div class=\"elementor-testimonial-wrapper\">\n\t\t\t\t\t\t\t<div class=\"elementor-testimonial-content\">Mis on t\u00e4nulikkus minu jaoks? T\u00e4nu t\u00e4nulikkusele olen enda elus seljatanud p\u00e4ris mitmed rasked olukorrad. Iga inimese elus tuleb hetki, mil k\u00fcsime endalt \"miks just mina, milleks see k\u00fcll hea on?\". Isegi sellistel hetkedel olen alati otsinud ja ka leidnud igas mustemas s\u00fcndmuses midagi head, midagi, mille eest t\u00e4nulik olla. T\u00e4nutunne on mind viinud edasi l\u00e4bi elu ja aidanud mul n\u00e4ha aina suuremalt, kaugemale ja k\u00f5rgemale....kaugemale enda silmapiirist:) T\u00e4nulikkus elu, tervise ja minu teekonnal oldud inimeste eest on \u00fc\u00fcratult suur edasiviiv j\u00f5ud, mis t\u00f5mbab ligi veelgi enam positiivseid inimesi ning \u00f5nnehetki:) <\/div>\n\t\t\t\n\t\t\t\t\t\t<div class=\"elementor-testimonial-meta elementor-has-image elementor-testimonial-image-position-aside\">\n\t\t\t\t<div class=\"elementor-testimonial-meta-inner\">\n\t\t\t\t\t\t\t\t\t\t\t<div class=\"elementor-testimonial-image\">\n\t\t\t\t\t\t\t<img decoding=\"async\" width=\"1707\" height=\"2560\" src=\"https:\/\/tanulikkus.ee\/wp-content\/uploads\/2023\/05\/Helina-Kalda-1-scaled.jpg\" class=\"attachment-full size-full wp-image-24701\" alt=\"Helina Kalda, T\u00d5M kogukonna asutajaliige.\" srcset=\"https:\/\/tanulikkus.ee\/wp-content\/uploads\/2023\/05\/Helina-Kalda-1-scaled.jpg 1707w, https:\/\/tanulikkus.ee\/wp-content\/uploads\/2023\/05\/Helina-Kalda-1-scaled-600x900.jpg 600w, https:\/\/tanulikkus.ee\/wp-content\/uploads\/2023\/05\/Helina-Kalda-1-200x300.jpg 200w, https:\/\/tanulikkus.ee\/wp-content\/uploads\/2023\/05\/Helina-Kalda-1-683x1024.jpg 683w, https:\/\/tanulikkus.ee\/wp-content\/uploads\/2023\/05\/Helina-Kalda-1-768x1152.jpg 768w, https:\/\/tanulikkus.ee\/wp-content\/uploads\/2023\/05\/Helina-Kalda-1-1024x1536.jpg 1024w, https:\/\/tanulikkus.ee\/wp-content\/uploads\/2023\/05\/Helina-Kalda-1-1365x2048.jpg 1365w\" sizes=\"(max-width: 1707px) 100vw, 1707px\" \/>\t\t\t\t\t\t<\/div>\n\t\t\t\t\t\n\t\t\t\t\t\t\t\t\t\t<div class=\"elementor-testimonial-details\">\n\t\t\t\t\t\t\t\t\t\t\t\t\t\t<div class=\"elementor-testimonial-name\">Helina Kalda<\/div>\n\t\t\t\t\t\t\t\t\t\t\t\t\t\t\t\t\t\t\t\t\t\t<div class=\"elementor-testimonial-job\">F\u00fcsioterapeut ja T\u00d5M kogukonna looja<\/div>\n\t\t\t\t\t\t\t\t\t\t\t\t\t<\/div>\n\t\t\t\t\t\t\t\t\t<\/div>\n\t\t\t<\/div>\n\t\t\t\t\t<\/div>\n\t\t\t\t\t\t<\/div>\n\t\t\t\t<\/div>\n\t\t\t\t\t<\/div>\n\t\t<\/div>\n\t\t\t\t\t<\/div>\n\t\t<\/section>\n\t\t\t\t\t<\/div>\n\t\t<\/div>\n\t\t\t\t\t<\/div>\n\t\t<\/section>\n\t\t\t\t<\/div>","protected":false},"excerpt":{"rendered":"<p>Mida inimesed t\u00e4nulikkusest r\u00e4\u00e4givad? M\u00e4rka kuidas asjad su \u00fcmber l\u00e4hevad paremaks. Kuidas elu pidevalt hoolitseb su eest. Kuidas sul on alati olemas s\u00f5prus, kodu, t\u00f6\u00f6, armastus, toetus, v\u00f5imalused, kasv ja raha. M\u00e4rka, kuidas \u00fcksk\u00f5ik millisele ajutisele ebamugavusele on alati j\u00e4rgnenud m\u00e4rkimisv\u00e4\u00e4rne heaolu kasv ja t\u00f5us. N\u00e4e, kuidas elu on alati [&hellip;]<\/p>\n","protected":false},"author":1,"featured_media":0,"parent":0,"menu_order":0,"comment_status":"closed","ping_status":"closed","template":"","meta":{"om_disable_all_campaigns":false,"_monsterinsights_skip_tracking":false,"_monsterinsights_sitenote_active":false,"_monsterinsights_sitenote_note":"","_monsterinsights_sitenote_category":0,"_uf_show_specific_survey":0,"_uf_disable_surveys":false,"footnotes":""},"class_list":["post-17","page","type-page","status-publish","hentry"],"yoast_head":"<!-- This site is optimized with the Yoast SEO plugin v27.3 - https:\/\/yoast.com\/product\/yoast-seo-wordpress\/ -->\n<title>Kodu - T\u00e4nulikkus<\/title>\n<meta name=\"robots\" content=\"index, follow, max-snippet:-1, max-image-preview:large, max-video-preview:-1\" \/>\n<link rel=\"canonical\" href=\"https:\/\/tanulikkus.ee\/et\/\" \/>\n<meta property=\"og:locale\" content=\"et_EE\" \/>\n<meta property=\"og:type\" content=\"article\" \/>\n<meta property=\"og:title\" content=\"Kodu - T\u00e4nulikkus\" \/>\n<meta property=\"og:description\" content=\"Mida inimesed t\u00e4nulikkusest r\u00e4\u00e4givad? M\u00e4rka kuidas asjad su \u00fcmber l\u00e4hevad paremaks. Kuidas elu pidevalt hoolitseb su eest. Kuidas sul on alati olemas s\u00f5prus, kodu, t\u00f6\u00f6, armastus, toetus, v\u00f5imalused, kasv ja raha. M\u00e4rka, kuidas \u00fcksk\u00f5ik millisele ajutisele ebamugavusele on alati j\u00e4rgnenud m\u00e4rkimisv\u00e4\u00e4rne heaolu kasv ja t\u00f5us. N\u00e4e, kuidas elu on alati [&hellip;]\" \/>\n<meta property=\"og:url\" content=\"https:\/\/tanulikkus.ee\/et\/\" \/>\n<meta property=\"og:site_name\" content=\"T\u00e4nulikkus\" \/>\n<meta property=\"article:modified_time\" content=\"2023-09-02T16:45:44+00:00\" \/>\n<meta property=\"og:image\" content=\"https:\/\/tanulikkus.ee\/wp-content\/uploads\/elementor\/thumbs\/pexels-abhilash-sahoo-4337174-1-scaled-qbohh81smfdm06j5cmmzcd2bfio9uq3hrzh4vowvig.jpg\" \/>\n<meta name=\"twitter:card\" content=\"summary_large_image\" \/>\n<meta name=\"twitter:label1\" content=\"Est. reading time\" \/>\n\t<meta name=\"twitter:data1\" content=\"3 minutit\" \/>\n<script type=\"application\/ld+json\" class=\"yoast-schema-graph\">{\"@context\":\"https:\\\/\\\/schema.org\",\"@graph\":[{\"@type\":\"WebPage\",\"@id\":\"https:\\\/\\\/tanulikkus.ee\\\/\",\"url\":\"https:\\\/\\\/tanulikkus.ee\\\/\",\"name\":\"Kodu - T\u00e4nulikkus\",\"isPartOf\":{\"@id\":\"https:\\\/\\\/tanulikkus.ee\\\/#website\"},\"primaryImageOfPage\":{\"@id\":\"https:\\\/\\\/tanulikkus.ee\\\/#primaryimage\"},\"image\":{\"@id\":\"https:\\\/\\\/tanulikkus.ee\\\/#primaryimage\"},\"thumbnailUrl\":\"https:\\\/\\\/tanulikkus.ee\\\/wp-content\\\/uploads\\\/elementor\\\/thumbs\\\/pexels-abhilash-sahoo-4337174-1-scaled-qbohh81smfdm06j5cmmzcd2bfio9uq3hrzh4vowvig.jpg\",\"datePublished\":\"2021-02-20T04:44:55+00:00\",\"dateModified\":\"2023-09-02T16:45:44+00:00\",\"breadcrumb\":{\"@id\":\"https:\\\/\\\/tanulikkus.ee\\\/#breadcrumb\"},\"inLanguage\":\"et\",\"potentialAction\":[{\"@type\":\"ReadAction\",\"target\":[\"https:\\\/\\\/tanulikkus.ee\\\/\"]}]},{\"@type\":\"ImageObject\",\"inLanguage\":\"et\",\"@id\":\"https:\\\/\\\/tanulikkus.ee\\\/#primaryimage\",\"url\":\"https:\\\/\\\/tanulikkus.ee\\\/wp-content\\\/uploads\\\/elementor\\\/thumbs\\\/pexels-abhilash-sahoo-4337174-1-scaled-qbohh81smfdm06j5cmmzcd2bfio9uq3hrzh4vowvig.jpg\",\"contentUrl\":\"https:\\\/\\\/tanulikkus.ee\\\/wp-content\\\/uploads\\\/elementor\\\/thumbs\\\/pexels-abhilash-sahoo-4337174-1-scaled-qbohh81smfdm06j5cmmzcd2bfio9uq3hrzh4vowvig.jpg\"},{\"@type\":\"BreadcrumbList\",\"@id\":\"https:\\\/\\\/tanulikkus.ee\\\/#breadcrumb\",\"itemListElement\":[{\"@type\":\"ListItem\",\"position\":1,\"name\":\"Kodu\",\"item\":\"https:\\\/\\\/tanulikkus.ee\\\/\"},{\"@type\":\"ListItem\",\"position\":2,\"name\":\"Kodu\"}]},{\"@type\":\"WebSite\",\"@id\":\"https:\\\/\\\/tanulikkus.ee\\\/#website\",\"url\":\"https:\\\/\\\/tanulikkus.ee\\\/\",\"name\":\"T\u00e4nulikkus\",\"description\":\"T\u00e4nulikkus.ee\\\/t\u00e4nulikkusepodcast\",\"potentialAction\":[{\"@type\":\"SearchAction\",\"target\":{\"@type\":\"EntryPoint\",\"urlTemplate\":\"https:\\\/\\\/tanulikkus.ee\\\/?s={search_term_string}\"},\"query-input\":{\"@type\":\"PropertyValueSpecification\",\"valueRequired\":true,\"valueName\":\"search_term_string\"}}],\"inLanguage\":\"et\"}]}<\/script>\n<!-- \/ Yoast SEO plugin. -->","yoast_head_json":{"title":"Kodu - T\u00e4nulikkus","robots":{"index":"index","follow":"follow","max-snippet":"max-snippet:-1","max-image-preview":"max-image-preview:large","max-video-preview":"max-video-preview:-1"},"canonical":"https:\/\/tanulikkus.ee\/et\/","og_locale":"et_EE","og_type":"article","og_title":"Kodu - T\u00e4nulikkus","og_description":"Mida inimesed t\u00e4nulikkusest r\u00e4\u00e4givad? M\u00e4rka kuidas asjad su \u00fcmber l\u00e4hevad paremaks. Kuidas elu pidevalt hoolitseb su eest. Kuidas sul on alati olemas s\u00f5prus, kodu, t\u00f6\u00f6, armastus, toetus, v\u00f5imalused, kasv ja raha. M\u00e4rka, kuidas \u00fcksk\u00f5ik millisele ajutisele ebamugavusele on alati j\u00e4rgnenud m\u00e4rkimisv\u00e4\u00e4rne heaolu kasv ja t\u00f5us. N\u00e4e, kuidas elu on alati [&hellip;]","og_url":"https:\/\/tanulikkus.ee\/et\/","og_site_name":"T\u00e4nulikkus","article_modified_time":"2023-09-02T16:45:44+00:00","og_image":[{"url":"https:\/\/tanulikkus.ee\/wp-content\/uploads\/elementor\/thumbs\/pexels-abhilash-sahoo-4337174-1-scaled-qbohh81smfdm06j5cmmzcd2bfio9uq3hrzh4vowvig.jpg","type":"","width":"","height":""}],"twitter_card":"summary_large_image","twitter_misc":{"Est. reading time":"3 minutit"},"schema":{"@context":"https:\/\/schema.org","@graph":[{"@type":"WebPage","@id":"https:\/\/tanulikkus.ee\/","url":"https:\/\/tanulikkus.ee\/","name":"Kodu - T\u00e4nulikkus","isPartOf":{"@id":"https:\/\/tanulikkus.ee\/#website"},"primaryImageOfPage":{"@id":"https:\/\/tanulikkus.ee\/#primaryimage"},"image":{"@id":"https:\/\/tanulikkus.ee\/#primaryimage"},"thumbnailUrl":"https:\/\/tanulikkus.ee\/wp-content\/uploads\/elementor\/thumbs\/pexels-abhilash-sahoo-4337174-1-scaled-qbohh81smfdm06j5cmmzcd2bfio9uq3hrzh4vowvig.jpg","datePublished":"2021-02-20T04:44:55+00:00","dateModified":"2023-09-02T16:45:44+00:00","breadcrumb":{"@id":"https:\/\/tanulikkus.ee\/#breadcrumb"},"inLanguage":"et","potentialAction":[{"@type":"ReadAction","target":["https:\/\/tanulikkus.ee\/"]}]},{"@type":"ImageObject","inLanguage":"et","@id":"https:\/\/tanulikkus.ee\/#primaryimage","url":"https:\/\/tanulikkus.ee\/wp-content\/uploads\/elementor\/thumbs\/pexels-abhilash-sahoo-4337174-1-scaled-qbohh81smfdm06j5cmmzcd2bfio9uq3hrzh4vowvig.jpg","contentUrl":"https:\/\/tanulikkus.ee\/wp-content\/uploads\/elementor\/thumbs\/pexels-abhilash-sahoo-4337174-1-scaled-qbohh81smfdm06j5cmmzcd2bfio9uq3hrzh4vowvig.jpg"},{"@type":"BreadcrumbList","@id":"https:\/\/tanulikkus.ee\/#breadcrumb","itemListElement":[{"@type":"ListItem","position":1,"name":"Kodu","item":"https:\/\/tanulikkus.ee\/"},{"@type":"ListItem","position":2,"name":"Kodu"}]},{"@type":"WebSite","@id":"https:\/\/tanulikkus.ee\/#website","url":"https:\/\/tanulikkus.ee\/","name":"T\u00e4nulikkus","description":"T\u00e4nulikkus.ee\/t\u00e4nulikkusepodcast","potentialAction":[{"@type":"SearchAction","target":{"@type":"EntryPoint","urlTemplate":"https:\/\/tanulikkus.ee\/?s={search_term_string}"},"query-input":{"@type":"PropertyValueSpecification","valueRequired":true,"valueName":"search_term_string"}}],"inLanguage":"et"}]}},"_links":{"self":[{"href":"https:\/\/tanulikkus.ee\/et\/wp-json\/wp\/v2\/pages\/17","targetHints":{"allow":["GET"]}}],"collection":[{"href":"https:\/\/tanulikkus.ee\/et\/wp-json\/wp\/v2\/pages"}],"about":[{"href":"https:\/\/tanulikkus.ee\/et\/wp-json\/wp\/v2\/types\/page"}],"author":[{"embeddable":true,"href":"https:\/\/tanulikkus.ee\/et\/wp-json\/wp\/v2\/users\/1"}],"replies":[{"embeddable":true,"href":"https:\/\/tanulikkus.ee\/et\/wp-json\/wp\/v2\/comments?post=17"}],"version-history":[{"count":5,"href":"https:\/\/tanulikkus.ee\/et\/wp-json\/wp\/v2\/pages\/17\/revisions"}],"predecessor-version":[{"id":24847,"href":"https:\/\/tanulikkus.ee\/et\/wp-json\/wp\/v2\/pages\/17\/revisions\/24847"}],"wp:attachment":[{"href":"https:\/\/tanulikkus.ee\/et\/wp-json\/wp\/v2\/media?parent=17"}],"curies":[{"name":"wp","href":"https:\/\/api.w.org\/{rel}","templated":true}]}}