{"id":21,"date":"2023-04-09T18:01:46","date_gmt":"2023-04-09T18:01:46","guid":{"rendered":"https:\/\/www.tanulikkus.ee\/?page_id=21"},"modified":"2023-08-31T14:11:49","modified_gmt":"2023-08-31T14:11:49","slug":"mis-on-tanulikkus","status":"publish","type":"page","link":"https:\/\/tanulikkus.ee\/et\/mis-on-tanulikkus\/","title":{"rendered":"Mis on t\u00e4nulikkus?"},"content":{"rendered":"<div data-elementor-type=\"wp-page\" data-elementor-id=\"21\" class=\"elementor elementor-21\">\n\t\t\t\t\t\t<section class=\"elementor-section elementor-top-section elementor-element elementor-element-49b6e8be elementor-section-boxed elementor-section-height-default elementor-section-height-default\" data-id=\"49b6e8be\" data-element_type=\"section\" data-e-type=\"section\">\n\t\t\t\t\t\t<div class=\"elementor-container elementor-column-gap-default\">\n\t\t\t\t\t<div class=\"elementor-column elementor-col-100 elementor-top-column elementor-element elementor-element-589a8cdc\" data-id=\"589a8cdc\" data-element_type=\"column\" data-e-type=\"column\">\n\t\t\t<div class=\"elementor-widget-wrap elementor-element-populated\">\n\t\t\t\t\t\t<div class=\"elementor-element elementor-element-7f6f123d elementor-widget elementor-widget-text-editor\" data-id=\"7f6f123d\" data-element_type=\"widget\" data-e-type=\"widget\" data-widget_type=\"text-editor.default\">\n\t\t\t\t<div class=\"elementor-widget-container\">\n\t\t\t\t\t\t\t\t\t<em>T\u00e4nulikkus\u00a0<\/em>Seletav s\u00f5naraamat \u00fctleb selle kohta, et see on t\u00e4nutunne. Minu tagasihoidlik arvamus on, et see on ehk liiga lihtsustatud ja liiga \u201cametlik\u201d arusaam t\u00e4nulikkusest. Minu jaoks on t\u00e4nulikkus pisikeste asjade m\u00e4rkamine ja nende r\u00f5\u00f5mu tundmine. Positiivse m\u00e4rkamine on headel aegadel lihtne, siis suudame asju positiivselt n\u00e4ha. On kergem m\u00f5ista, kust oleme tulnud, kus hetkel oleme ja kuhu oleme minemas. M\u00e4rkamist kipub v\u00e4heks j\u00e4\u00e4ma siis, kui elu viskab meile ette takistusi ja v\u00e4ljakutseid, milleks me ehk T\u00e4nu vaimselt valmis ei ole. See podcast onellu kutsutud selleks, et n\u00e4idata meie kuulajatele, kuidas m\u00e4rgata head elu katsumuste korral.\t\t\t\t\t\t\t\t<\/div>\n\t\t\t\t<\/div>\n\t\t\t\t\t<\/div>\n\t\t<\/div>\n\t\t\t\t\t<\/div>\n\t\t<\/section>\n\t\t\t\t<section class=\"elementor-section elementor-top-section elementor-element elementor-element-d137438 elementor-section-boxed elementor-section-height-default elementor-section-height-default\" data-id=\"d137438\" data-element_type=\"section\" data-e-type=\"section\">\n\t\t\t\t\t\t<div class=\"elementor-container elementor-column-gap-default\">\n\t\t\t\t\t<div class=\"elementor-column elementor-col-100 elementor-top-column elementor-element elementor-element-8f1185c\" data-id=\"8f1185c\" data-element_type=\"column\" data-e-type=\"column\">\n\t\t\t<div class=\"elementor-widget-wrap elementor-element-populated\">\n\t\t\t\t\t\t<div class=\"elementor-element elementor-element-70e2153 elementor-widget elementor-widget-spacer\" data-id=\"70e2153\" data-element_type=\"widget\" data-e-type=\"widget\" data-widget_type=\"spacer.default\">\n\t\t\t\t<div class=\"elementor-widget-container\">\n\t\t\t\t\t\t\t<div class=\"elementor-spacer\">\n\t\t\t<div class=\"elementor-spacer-inner\"><\/div>\n\t\t<\/div>\n\t\t\t\t\t\t<\/div>\n\t\t\t\t<\/div>\n\t\t\t\t\t<\/div>\n\t\t<\/div>\n\t\t\t\t\t<\/div>\n\t\t<\/section>\n\t\t\t\t<\/div>","protected":false},"excerpt":{"rendered":"<p>T\u00e4nulikkus-\u00a0Seletav s\u00f5naraamat \u00fctleb selle kohta, et see on t\u00e4nutunne.\u00a0 Minu tagasihoidlik arvamus on, et see on ehk liiga lihtsustatud ja liiga &#8220;ametlik&#8221; arusaam t\u00e4nulikkusest. Minu jaoks on t\u00e4nulikkus pisikeste asjade m\u00e4rkamine ja nendest r\u00f5\u00f5mu tundmine. Positiivse m\u00e4rkamine on headel aegadel lihtne, siis suudamegi asju positiivsemalt n\u00e4ha. On kergem m\u00f5ista, kust [&hellip;]<\/p>\n","protected":false},"author":1,"featured_media":0,"parent":0,"menu_order":0,"comment_status":"closed","ping_status":"closed","template":"","meta":{"om_disable_all_campaigns":false,"_monsterinsights_skip_tracking":false,"_monsterinsights_sitenote_active":false,"_monsterinsights_sitenote_note":"","_monsterinsights_sitenote_category":0,"_uf_show_specific_survey":0,"_uf_disable_surveys":false,"footnotes":""},"class_list":["post-21","page","type-page","status-publish","hentry"],"yoast_head":"<!-- This site is optimized with the Yoast SEO plugin v27.3 - https:\/\/yoast.com\/product\/yoast-seo-wordpress\/ -->\n<title>Mis on t\u00e4nulikkus? - T\u00e4nulikkus<\/title>\n<meta name=\"robots\" content=\"index, follow, max-snippet:-1, max-image-preview:large, max-video-preview:-1\" \/>\n<link rel=\"canonical\" href=\"https:\/\/tanulikkus.ee\/et\/mis-on-tanulikkus\/\" \/>\n<meta property=\"og:locale\" content=\"et_EE\" \/>\n<meta property=\"og:type\" content=\"article\" \/>\n<meta property=\"og:title\" content=\"Mis on t\u00e4nulikkus? - T\u00e4nulikkus\" \/>\n<meta property=\"og:description\" content=\"T\u00e4nulikkus-\u00a0Seletav s\u00f5naraamat \u00fctleb selle kohta, et see on t\u00e4nutunne.\u00a0 Minu tagasihoidlik arvamus on, et see on ehk liiga lihtsustatud ja liiga &#8220;ametlik&#8221; arusaam t\u00e4nulikkusest. Minu jaoks on t\u00e4nulikkus pisikeste asjade m\u00e4rkamine ja nendest r\u00f5\u00f5mu tundmine. Positiivse m\u00e4rkamine on headel aegadel lihtne, siis suudamegi asju positiivsemalt n\u00e4ha. On kergem m\u00f5ista, kust [&hellip;]\" \/>\n<meta property=\"og:url\" content=\"https:\/\/tanulikkus.ee\/et\/mis-on-tanulikkus\/\" \/>\n<meta property=\"og:site_name\" content=\"T\u00e4nulikkus\" \/>\n<meta property=\"article:modified_time\" content=\"2023-08-31T14:11:49+00:00\" \/>\n<meta name=\"twitter:card\" content=\"summary_large_image\" \/>\n<meta name=\"twitter:label1\" content=\"Est. reading time\" \/>\n\t<meta name=\"twitter:data1\" content=\"1 minut\" \/>\n<script type=\"application\/ld+json\" class=\"yoast-schema-graph\">{\"@context\":\"https:\\\/\\\/schema.org\",\"@graph\":[{\"@type\":\"WebPage\",\"@id\":\"https:\\\/\\\/tanulikkus.ee\\\/mis-on-tanulikkus\\\/\",\"url\":\"https:\\\/\\\/tanulikkus.ee\\\/mis-on-tanulikkus\\\/\",\"name\":\"Mis on t\u00e4nulikkus? - T\u00e4nulikkus\",\"isPartOf\":{\"@id\":\"https:\\\/\\\/tanulikkus.ee\\\/#website\"},\"datePublished\":\"2023-04-09T18:01:46+00:00\",\"dateModified\":\"2023-08-31T14:11:49+00:00\",\"breadcrumb\":{\"@id\":\"https:\\\/\\\/tanulikkus.ee\\\/mis-on-tanulikkus\\\/#breadcrumb\"},\"inLanguage\":\"et\",\"potentialAction\":[{\"@type\":\"ReadAction\",\"target\":[\"https:\\\/\\\/tanulikkus.ee\\\/mis-on-tanulikkus\\\/\"]}]},{\"@type\":\"BreadcrumbList\",\"@id\":\"https:\\\/\\\/tanulikkus.ee\\\/mis-on-tanulikkus\\\/#breadcrumb\",\"itemListElement\":[{\"@type\":\"ListItem\",\"position\":1,\"name\":\"Kodu\",\"item\":\"https:\\\/\\\/tanulikkus.ee\\\/\"},{\"@type\":\"ListItem\",\"position\":2,\"name\":\"Mis on t\u00e4nulikkus?\"}]},{\"@type\":\"WebSite\",\"@id\":\"https:\\\/\\\/tanulikkus.ee\\\/#website\",\"url\":\"https:\\\/\\\/tanulikkus.ee\\\/\",\"name\":\"T\u00e4nulikkus\",\"description\":\"T\u00e4nulikkus.ee\\\/t\u00e4nulikkusepodcast\",\"potentialAction\":[{\"@type\":\"SearchAction\",\"target\":{\"@type\":\"EntryPoint\",\"urlTemplate\":\"https:\\\/\\\/tanulikkus.ee\\\/?s={search_term_string}\"},\"query-input\":{\"@type\":\"PropertyValueSpecification\",\"valueRequired\":true,\"valueName\":\"search_term_string\"}}],\"inLanguage\":\"et\"}]}<\/script>\n<!-- \/ Yoast SEO plugin. -->","yoast_head_json":{"title":"Mis on t\u00e4nulikkus? - T\u00e4nulikkus","robots":{"index":"index","follow":"follow","max-snippet":"max-snippet:-1","max-image-preview":"max-image-preview:large","max-video-preview":"max-video-preview:-1"},"canonical":"https:\/\/tanulikkus.ee\/et\/mis-on-tanulikkus\/","og_locale":"et_EE","og_type":"article","og_title":"Mis on t\u00e4nulikkus? - T\u00e4nulikkus","og_description":"T\u00e4nulikkus-\u00a0Seletav s\u00f5naraamat \u00fctleb selle kohta, et see on t\u00e4nutunne.\u00a0 Minu tagasihoidlik arvamus on, et see on ehk liiga lihtsustatud ja liiga &#8220;ametlik&#8221; arusaam t\u00e4nulikkusest. Minu jaoks on t\u00e4nulikkus pisikeste asjade m\u00e4rkamine ja nendest r\u00f5\u00f5mu tundmine. Positiivse m\u00e4rkamine on headel aegadel lihtne, siis suudamegi asju positiivsemalt n\u00e4ha. On kergem m\u00f5ista, kust [&hellip;]","og_url":"https:\/\/tanulikkus.ee\/et\/mis-on-tanulikkus\/","og_site_name":"T\u00e4nulikkus","article_modified_time":"2023-08-31T14:11:49+00:00","twitter_card":"summary_large_image","twitter_misc":{"Est. reading time":"1 minut"},"schema":{"@context":"https:\/\/schema.org","@graph":[{"@type":"WebPage","@id":"https:\/\/tanulikkus.ee\/mis-on-tanulikkus\/","url":"https:\/\/tanulikkus.ee\/mis-on-tanulikkus\/","name":"Mis on t\u00e4nulikkus? - T\u00e4nulikkus","isPartOf":{"@id":"https:\/\/tanulikkus.ee\/#website"},"datePublished":"2023-04-09T18:01:46+00:00","dateModified":"2023-08-31T14:11:49+00:00","breadcrumb":{"@id":"https:\/\/tanulikkus.ee\/mis-on-tanulikkus\/#breadcrumb"},"inLanguage":"et","potentialAction":[{"@type":"ReadAction","target":["https:\/\/tanulikkus.ee\/mis-on-tanulikkus\/"]}]},{"@type":"BreadcrumbList","@id":"https:\/\/tanulikkus.ee\/mis-on-tanulikkus\/#breadcrumb","itemListElement":[{"@type":"ListItem","position":1,"name":"Kodu","item":"https:\/\/tanulikkus.ee\/"},{"@type":"ListItem","position":2,"name":"Mis on t\u00e4nulikkus?"}]},{"@type":"WebSite","@id":"https:\/\/tanulikkus.ee\/#website","url":"https:\/\/tanulikkus.ee\/","name":"T\u00e4nulikkus","description":"T\u00e4nulikkus.ee\/t\u00e4nulikkusepodcast","potentialAction":[{"@type":"SearchAction","target":{"@type":"EntryPoint","urlTemplate":"https:\/\/tanulikkus.ee\/?s={search_term_string}"},"query-input":{"@type":"PropertyValueSpecification","valueRequired":true,"valueName":"search_term_string"}}],"inLanguage":"et"}]}},"_links":{"self":[{"href":"https:\/\/tanulikkus.ee\/et\/wp-json\/wp\/v2\/pages\/21","targetHints":{"allow":["GET"]}}],"collection":[{"href":"https:\/\/tanulikkus.ee\/et\/wp-json\/wp\/v2\/pages"}],"about":[{"href":"https:\/\/tanulikkus.ee\/et\/wp-json\/wp\/v2\/types\/page"}],"author":[{"embeddable":true,"href":"https:\/\/tanulikkus.ee\/et\/wp-json\/wp\/v2\/users\/1"}],"replies":[{"embeddable":true,"href":"https:\/\/tanulikkus.ee\/et\/wp-json\/wp\/v2\/comments?post=21"}],"version-history":[{"count":5,"href":"https:\/\/tanulikkus.ee\/et\/wp-json\/wp\/v2\/pages\/21\/revisions"}],"predecessor-version":[{"id":24798,"href":"https:\/\/tanulikkus.ee\/et\/wp-json\/wp\/v2\/pages\/21\/revisions\/24798"}],"wp:attachment":[{"href":"https:\/\/tanulikkus.ee\/et\/wp-json\/wp\/v2\/media?parent=21"}],"curies":[{"name":"wp","href":"https:\/\/api.w.org\/{rel}","templated":true}]}}