{"id":3,"date":"2023-03-29T06:00:19","date_gmt":"2023-03-29T06:00:19","guid":{"rendered":"http:\/\/tanulikkus.ee\/?page_id=3"},"modified":"2025-06-30T10:44:15","modified_gmt":"2025-06-30T07:44:15","slug":"privaatsuspoliitika","status":"publish","type":"page","link":"https:\/\/tanulikkus.ee\/et\/privaatsuspoliitika\/","title":{"rendered":"Privaatsuspoliitika"},"content":{"rendered":"<p><\/p>\r\n<p><strong>1. \u00dclds\u00e4tted<\/strong><\/p>\r\n<p>1.1. K\u00e4esoleva privaatsuspoliitika reguleerib isikuandmete kogumist, t\u00f6\u00f6tlemist ja s\u00e4ilitamist k\u00e4sitlevaid p\u00f5him\u00f5tteid. Isikuandmeid kogub t\u00f6\u00f6tleb ja s\u00e4ilitab isikuandmete vastutav t\u00f6\u00f6tleja Kapitalivood O\u00dc (edaspidi andmet\u00f6\u00f6tleja).<\/p>\r\n<p>1.2. Andmesubjekt privaatsuspoliitika t\u00e4henduses on klient v\u00f5i muu f\u00fc\u00fcsiline isik, kelle isikuandmeid andmet\u00f6\u00f6tleja t\u00f6\u00f6tleb.<\/p>\r\n<p>1.3. Klientide privaatsuspoliitika t\u00e4henduses igal, kes ostab andmet\u00f6\u00f6tleja kodulehelt kaupu v\u00f5i teenuseid.<\/p>\r\n<p>1.4. Andmet\u00f6\u00f6tleja seaduste kohaselt kehtestatud andmete t\u00f6\u00f6tlemise p\u00f5him\u00f5tted, muuhulgas t\u00f6\u00f6tleb andmet\u00f6\u00f6tleja isikuandmeid seaduslikult, \u00f5iglaselt ja turvaliselt. Andmet\u00f6\u00f6tleja on v\u00f5imeline kinnitama, et isikuandmeid on t\u00f6\u00f6deldud vastavalt \u00f5igusaktidele.<\/p>\r\n<p><strong>2. Isiku kogumine, t\u00f6\u00f6tlemine ja andmete s\u00e4ilitamine<\/strong><\/p>\r\n<p>2.1. Isikuandmed, mida andmet\u00f6\u00f6tleja kogub, t\u00f6\u00f6tleb ja s\u00e4ilitab, on kogutud elektrooniliselt, peamiselt kodulehe ja e-posti vahendusel.<strong>\u00a0<\/strong><\/p>\r\n<p>2.2. Oma isikuandmete jagamisega annab andmesubjekt andmet\u00f6\u00f6tlejale \u00f5iguse koguda, korraldada, kasutada ja hallata privaatsuspoliitikas m\u00e4\u00e4ratletud isikuandmeid, mida andmesubjekt otse v\u00f5i kaudselt veebisaidilt kaupu v\u00f5i teenuseid ostes andmet\u00f6\u00f6tlejale jagab.<\/p>\r\n<p>2.3. Andmesubjekt vastutab selle eest, et tema poolt esitatud andmed kinnitad, \u00f5iged ja terviklikud. Teadlikult valeandmete esitamist privaatsuspoliitika rikkumiseks. Andmesubjekt on teiste andmet\u00f6\u00f6tlejate viivitamatult teavitama esitatud andmete muutumisest.<\/p>\r\n<p>2.4. Andmet\u00f6\u00f6tleja ei vastuta andmesubjekti poolt valeandmete esitamisest p\u00f5hjustatud kahju eest andmesubjektile v\u00f5i kolmandatele osapooltele.<\/p>\r\n<p><strong>3. Klientide isikuandmete t\u00f6\u00f6tlemine<\/strong><\/p>\r\n<p>3.1. Andmet\u00f6\u00f6tleja v\u00f5ib j\u00e4rgnevaid andmesubjekti isikuandmeid:<\/p>\r\n<p>3.1.1. Ees- ja perekonnanimi;<\/p>\r\n<p>3.1.2. S\u00fcnnip\u00e4ev;<\/p>\r\n<p>3.1.3. Telefoninumber;<\/p>\r\n<p>3.1.4. E-posti aadress;<\/p>\r\n<p>3.1.5. Kohaletoimetamise aadress;<\/p>\r\n<p>3.1.6. Arvelduskonto number;<\/p>\r\n<p>3.1.7. Maksekaardi detailid;<\/p>\r\n<p>3.2. Lisaks eeltoodule on andmet\u00f6\u00f6tlejal \u00f5igus koguda kliendi kohta andmeid, mis on k\u00e4ttesaadavad avalikes registrites.<\/p>\r\n<p>3.3. Isikuandmete t\u00f6\u00f6tlemise \u00f5iguslik alus on isikuandmete kaitse \u00fcldm\u00e4\u00e4ruse paragrahv 6 lg 1 pd a), b), c) ja f):<\/p>\r\n<p>a) andmesjekt on andnud v\u00f5imalikub oma isikuandmeid \u00fchel v\u00f5i mitmel konkreetsel eesm\u00e4rgil;<\/p>\r\n<p>b) isikuandmete t\u00f6\u00f6tlemine vajalike ja messubjektide osalusel s\u00f5lmitud lepingu t\u00e4itmiseks v\u00f5i lepingu s\u00f5lmimisele avaldatavate meetmete v\u00f5tmiseks vastavalt jamesubjekti taotlusele;<\/p>\r\n<p>c) isikuandmete t\u00f6\u00f6tlemine on vajalik vastutava t\u00f6\u00f6tlemisega seotud kohustuste t\u00e4itmiseks;<\/p>\r\n<p>d) isikuandmete t\u00f6\u00f6tlemine on vajalik vastutava t\u00f6\u00f6tlemine v\u00f5i kolmanda isiku \u00f5igustatud huvi korral, kui sellise huvi kaaluvad \u00fcles andmesubjekti huvid v\u00f5i p\u00f5hi\u00f5igused ja -vabadused, mille nimel tuleb kaitsta isikuandmeid, eriti juhul kui andmesubjekt on laps.<\/p>\r\n<p>3.4. Isikuandmete t\u00f6\u00f6tlemine vastavalt t\u00f6\u00f6tlemisele:<\/p>\r\n<p>3.4.1. T\u00f6\u00f6tlemise eesm\u00e4rk \u2013 julgeolek ja turvalisus<br \/>Isikuandmete s\u00e4ilitamise maksimaalne aeg \u2013 vastavalt seaduses nimetatud t\u00e4htaegadele<\/p>\r\n<p>3.4.2. T\u00f6\u00f6tlemise eesm\u00e4rk \u2013 tellimuse t\u00f6\u00f6tlemine<br \/>Isikuandmete s\u00e4ilitamise maksimaalne aeg \u2013 vastavalt seaduses nimetatud t\u00e4htaegadele.<\/p>\r\n<p>3.4.3. T\u00f6\u00f6tlemise eesm\u00e4rk \u2013 e-poe teenuste toimimise tagamine<br \/>Isikuandmete s\u00e4ilitamise maksimaalne aeg \u2013 vastavalt seaduses nimetatud t\u00e4htaegadele.<\/p>\r\n<p>3.4.4. T\u00f6\u00f6tlemise eesm\u00e4rk \u2013 kliendihaldus<br \/>Isikuandmete s\u00e4ilitamise maksimaalne aeg \u2013 vastavalt seaduses nimetatud t\u00e4htaegadele.<\/p>\r\n<p>3.4.5. T\u00f6\u00f6tlemise eesm\u00e4rk \u2013 finantstegevus, raamatupidamine<br \/>Isikuandmete s\u00e4ilitamise maksimaalne aeg \u2013 vastavalt seaduses nimetatud t\u00e4htaegadele<\/p>\r\n<p>3.4.6. T\u00f6\u00f6tlemise eesm\u00e4rk \u2013 turundus<br \/>Isikuandmete s\u00e4ilitamise maksimaalne aeg \u2013 vastavalt seaduses nimetatud t\u00e4htaegadele.<\/p>\r\n<p>3.5. Andmet\u00f6\u00f6tlejal on \u00f5igusabi isikuandmeid jagada kolmandate isikutega, kelleks on n\u00e4iteks volitatud andmet\u00f6\u00f6tlejad, raamatupidajad, transpordi- ja kullerettev\u00f5tted, \u00fclekandeteenuseid pakkuvad ettev\u00f5tted Andmet\u00f6\u00f6tleja on isikuandmete vastutav t\u00f6\u00f6tleja. Andmet\u00f6\u00f6tleja edastab maksete teostamiseks vajalikke isikuandmed volitatud t\u00f6\u00f6tleja Maksekeskus AS-ile.<\/p>\r\n<p>3.6. Andmesubjekti isikuandmete t\u00f6\u00f6tlemisel ja s\u00e4ilitamisel rakendatakse isikuandmete andmet\u00f6\u00f6tleja organisatsioonilisi ja tehnilisi meetmeid, mis tagavad isikuandmete kaitse juhusliku v\u00f5i ebaseadusliku h\u00e4vitamise, muutmise, avalikustamise ja mis tahes muu ebaseadusliku t\u00f6\u00f6tlemise eest.<\/p>\r\n<p>3.7. Andmet\u00f6\u00f6tleja s\u00e4ilitab andmesubjektide andmeid parandamise eesm\u00e4rgist, kuid mitte kauem kui seaduses etten\u00e4htud t\u00e4htajaks.<\/p>\r\n<p><strong>4. Andmesubjekti \u00f5igused<\/strong><\/p>\r\n<p>4.1. Andmesubjektil on \u00f5igus saada ligip\u00e4\u00e4s oma isikuandmetele ning nende tutvuda.<\/p>\r\n<p>4.2. Andmesubjektil on \u00f5igus saada informatsiooni teema isikuandmete t\u00f6\u00f6tlemise kohta.<\/p>\r\n<p>4.3. Andmesubjektil on \u00f5igus t\u00e4iendada v\u00f5i parandada ebat\u00e4pseid andmeid.<\/p>\r\n<p>4.4. Kui andmet\u00f6\u00f6tleja t\u00f6\u00f6tleb andmesubjekti isikuandmeid andmesubjekti avalduste alusel, siis on andmesubjektil \u00f5igus igal ajal n\u00f5usolek tagasi v\u00f5tta.<\/p>\r\n<p>4.5. Andmesubjekt saab \u00f5iguste teostamiseks kasutada e-poe klienditoe poole aadressil tanulikkus@tanulikkus.ee<\/p>\r\n<p>4.6. Andmesubjektil on oma \u00f5iguste kaitseks v\u00f5imalik esitada kaebus Andmekaitse Inspektsioonile.<\/p>\r\n<p><strong>5. L\u00f5pps\u00e4tted<\/strong><\/p>\r\n<p>5.1. K\u00e4esolevad ja meedetingimused on koostatud Euroopa Parlamendi ja n\u00f5ukogu m\u00e4\u00e4rusega (EL) nr 2016\/679 isikute kaitse isikuandmete t\u00f6\u00f6tlemisel ja andmete vaba liikumise direktiivi 95\/46 \/ E\u00dc kehtetuks tunnistamise kohta \/ E\u00dc (isikuandmete kaitse \u00fcldm\u00e4\u00e4rus), Eesti Vabariigi isikuandmete kaitse seadusega ning Eesti Vabariigi ja Euroopa Liidu seadustega.<\/p>\r\n<p>5.2. Andmet\u00f6\u00f6tlejal on \u00f5igus andmekaitse tingimused osaliselt v\u00f5i t\u00e4ielikult muuta, teavitades andmesubjekte muudatustest kodulehe <a href=\"https:\/\/tanulikkus.ee\/\">https:\/\/tanulikkus.ee<\/a><strong>\u00a0<\/strong>kaudu.<\/p>\r\n<p>&nbsp;<\/p>\r\n<p>&nbsp;<\/p>\r\n<p><\/p>","protected":false},"excerpt":{"rendered":"<p>1. \u00dclds\u00e4tted 1.1. K\u00e4esolev privaatsuspoliitika reguleerib isikuandmete kogumist, t\u00f6\u00f6tlemist ja s\u00e4ilitamist k\u00e4sitlevaid p\u00f5him\u00f5tteid. Isikuandmeid kogub t\u00f6\u00f6tleb ja s\u00e4ilitab isikuandmete vastutav t\u00f6\u00f6tleja Kapitalivood O\u00dc (edaspidi andmet\u00f6\u00f6tleja). 1.2. Andmesubjekt privaatsuspoliitika t\u00e4henduses on klient v\u00f5i muu f\u00fc\u00fcsiline isik, kelle isikuandmeid andmet\u00f6\u00f6tleja t\u00f6\u00f6tleb. 1.3. Klient privaatsuspoliitika t\u00e4henduses on iga\u00fcks, kes ostab andmet\u00f6\u00f6tleja kodulehelt kaupu [&hellip;]<\/p>\n","protected":false},"author":1,"featured_media":0,"parent":0,"menu_order":0,"comment_status":"closed","ping_status":"open","template":"","meta":{"om_disable_all_campaigns":false,"_monsterinsights_skip_tracking":false,"_monsterinsights_sitenote_active":false,"_monsterinsights_sitenote_note":"","_monsterinsights_sitenote_category":0,"_uf_show_specific_survey":0,"_uf_disable_surveys":false,"_wp_convertkit_post_meta":{"form":"-1","landing_page":"0","tag":"0","restrict_content":"0"},"footnotes":""},"class_list":["post-3","page","type-page","status-publish","hentry"],"yoast_head":"<!-- This site is optimized with the Yoast SEO plugin v27.4 - https:\/\/yoast.com\/product\/yoast-seo-wordpress\/ -->\n<title>Privaatsuspoliitika - T\u00e4nulikkus<\/title>\n<meta name=\"robots\" content=\"index, follow, max-snippet:-1, max-image-preview:large, max-video-preview:-1\" \/>\n<link rel=\"canonical\" href=\"https:\/\/www.tanulikkus.ee\/et\/privaatsuspoliitika\/\" \/>\n<meta property=\"og:locale\" content=\"et_EE\" \/>\n<meta property=\"og:type\" content=\"article\" \/>\n<meta property=\"og:title\" content=\"Privaatsuspoliitika - T\u00e4nulikkus\" \/>\n<meta property=\"og:description\" content=\"1. \u00dclds\u00e4tted 1.1. K\u00e4esolev privaatsuspoliitika reguleerib isikuandmete kogumist, t\u00f6\u00f6tlemist ja s\u00e4ilitamist k\u00e4sitlevaid p\u00f5him\u00f5tteid. Isikuandmeid kogub t\u00f6\u00f6tleb ja s\u00e4ilitab isikuandmete vastutav t\u00f6\u00f6tleja Kapitalivood O\u00dc (edaspidi andmet\u00f6\u00f6tleja). 1.2. Andmesubjekt privaatsuspoliitika t\u00e4henduses on klient v\u00f5i muu f\u00fc\u00fcsiline isik, kelle isikuandmeid andmet\u00f6\u00f6tleja t\u00f6\u00f6tleb. 1.3. Klient privaatsuspoliitika t\u00e4henduses on iga\u00fcks, kes ostab andmet\u00f6\u00f6tleja kodulehelt kaupu [&hellip;]\" \/>\n<meta property=\"og:url\" content=\"https:\/\/www.tanulikkus.ee\/et\/privaatsuspoliitika\/\" \/>\n<meta property=\"og:site_name\" content=\"T\u00e4nulikkus\" \/>\n<meta property=\"article:modified_time\" content=\"2025-06-30T07:44:15+00:00\" \/>\n<meta name=\"twitter:card\" content=\"summary_large_image\" \/>\n<meta name=\"twitter:label1\" content=\"Est. reading time\" \/>\n\t<meta name=\"twitter:data1\" content=\"4 minutit\" \/>\n<script type=\"application\/ld+json\" class=\"yoast-schema-graph\">{\"@context\":\"https:\\\/\\\/schema.org\",\"@graph\":[{\"@type\":\"WebPage\",\"@id\":\"https:\\\/\\\/www.tanulikkus.ee\\\/et\\\/privaatsuspoliitika\\\/\",\"url\":\"https:\\\/\\\/www.tanulikkus.ee\\\/et\\\/privaatsuspoliitika\\\/\",\"name\":\"Privaatsuspoliitika - T\u00e4nulikkus\",\"isPartOf\":{\"@id\":\"https:\\\/\\\/tanulikkus.ee\\\/#website\"},\"datePublished\":\"2023-03-29T06:00:19+00:00\",\"dateModified\":\"2025-06-30T07:44:15+00:00\",\"breadcrumb\":{\"@id\":\"https:\\\/\\\/www.tanulikkus.ee\\\/et\\\/privaatsuspoliitika\\\/#breadcrumb\"},\"inLanguage\":\"et\",\"potentialAction\":[{\"@type\":\"ReadAction\",\"target\":[\"https:\\\/\\\/www.tanulikkus.ee\\\/et\\\/privaatsuspoliitika\\\/\"]}]},{\"@type\":\"BreadcrumbList\",\"@id\":\"https:\\\/\\\/www.tanulikkus.ee\\\/et\\\/privaatsuspoliitika\\\/#breadcrumb\",\"itemListElement\":[{\"@type\":\"ListItem\",\"position\":1,\"name\":\"Kodu\",\"item\":\"https:\\\/\\\/tanulikkus.ee\\\/\"},{\"@type\":\"ListItem\",\"position\":2,\"name\":\"Privaatsuspoliitika\"}]},{\"@type\":\"WebSite\",\"@id\":\"https:\\\/\\\/tanulikkus.ee\\\/#website\",\"url\":\"https:\\\/\\\/tanulikkus.ee\\\/\",\"name\":\"T\u00e4nulikkus\",\"description\":\"T\u00e4nulikkus.ee\\\/t\u00e4nulikkusepodcast\",\"potentialAction\":[{\"@type\":\"SearchAction\",\"target\":{\"@type\":\"EntryPoint\",\"urlTemplate\":\"https:\\\/\\\/tanulikkus.ee\\\/?s={search_term_string}\"},\"query-input\":{\"@type\":\"PropertyValueSpecification\",\"valueRequired\":true,\"valueName\":\"search_term_string\"}}],\"inLanguage\":\"et\"}]}<\/script>\n<!-- \/ Yoast SEO plugin. -->","yoast_head_json":{"title":"Privaatsuspoliitika - T\u00e4nulikkus","robots":{"index":"index","follow":"follow","max-snippet":"max-snippet:-1","max-image-preview":"max-image-preview:large","max-video-preview":"max-video-preview:-1"},"canonical":"https:\/\/www.tanulikkus.ee\/et\/privaatsuspoliitika\/","og_locale":"et_EE","og_type":"article","og_title":"Privaatsuspoliitika - T\u00e4nulikkus","og_description":"1. \u00dclds\u00e4tted 1.1. K\u00e4esolev privaatsuspoliitika reguleerib isikuandmete kogumist, t\u00f6\u00f6tlemist ja s\u00e4ilitamist k\u00e4sitlevaid p\u00f5him\u00f5tteid. Isikuandmeid kogub t\u00f6\u00f6tleb ja s\u00e4ilitab isikuandmete vastutav t\u00f6\u00f6tleja Kapitalivood O\u00dc (edaspidi andmet\u00f6\u00f6tleja). 1.2. Andmesubjekt privaatsuspoliitika t\u00e4henduses on klient v\u00f5i muu f\u00fc\u00fcsiline isik, kelle isikuandmeid andmet\u00f6\u00f6tleja t\u00f6\u00f6tleb. 1.3. Klient privaatsuspoliitika t\u00e4henduses on iga\u00fcks, kes ostab andmet\u00f6\u00f6tleja kodulehelt kaupu [&hellip;]","og_url":"https:\/\/www.tanulikkus.ee\/et\/privaatsuspoliitika\/","og_site_name":"T\u00e4nulikkus","article_modified_time":"2025-06-30T07:44:15+00:00","twitter_card":"summary_large_image","twitter_misc":{"Est. reading time":"4 minutit"},"schema":{"@context":"https:\/\/schema.org","@graph":[{"@type":"WebPage","@id":"https:\/\/www.tanulikkus.ee\/et\/privaatsuspoliitika\/","url":"https:\/\/www.tanulikkus.ee\/et\/privaatsuspoliitika\/","name":"Privaatsuspoliitika - T\u00e4nulikkus","isPartOf":{"@id":"https:\/\/tanulikkus.ee\/#website"},"datePublished":"2023-03-29T06:00:19+00:00","dateModified":"2025-06-30T07:44:15+00:00","breadcrumb":{"@id":"https:\/\/www.tanulikkus.ee\/et\/privaatsuspoliitika\/#breadcrumb"},"inLanguage":"et","potentialAction":[{"@type":"ReadAction","target":["https:\/\/www.tanulikkus.ee\/et\/privaatsuspoliitika\/"]}]},{"@type":"BreadcrumbList","@id":"https:\/\/www.tanulikkus.ee\/et\/privaatsuspoliitika\/#breadcrumb","itemListElement":[{"@type":"ListItem","position":1,"name":"Kodu","item":"https:\/\/tanulikkus.ee\/"},{"@type":"ListItem","position":2,"name":"Privaatsuspoliitika"}]},{"@type":"WebSite","@id":"https:\/\/tanulikkus.ee\/#website","url":"https:\/\/tanulikkus.ee\/","name":"T\u00e4nulikkus","description":"T\u00e4nulikkus.ee\/t\u00e4nulikkusepodcast","potentialAction":[{"@type":"SearchAction","target":{"@type":"EntryPoint","urlTemplate":"https:\/\/tanulikkus.ee\/?s={search_term_string}"},"query-input":{"@type":"PropertyValueSpecification","valueRequired":true,"valueName":"search_term_string"}}],"inLanguage":"et"}]}},"_links":{"self":[{"href":"https:\/\/tanulikkus.ee\/et\/wp-json\/wp\/v2\/pages\/3","targetHints":{"allow":["GET"]}}],"collection":[{"href":"https:\/\/tanulikkus.ee\/et\/wp-json\/wp\/v2\/pages"}],"about":[{"href":"https:\/\/tanulikkus.ee\/et\/wp-json\/wp\/v2\/types\/page"}],"author":[{"embeddable":true,"href":"https:\/\/tanulikkus.ee\/et\/wp-json\/wp\/v2\/users\/1"}],"replies":[{"embeddable":true,"href":"https:\/\/tanulikkus.ee\/et\/wp-json\/wp\/v2\/comments?post=3"}],"version-history":[{"count":5,"href":"https:\/\/tanulikkus.ee\/et\/wp-json\/wp\/v2\/pages\/3\/revisions"}],"predecessor-version":[{"id":26038,"href":"https:\/\/tanulikkus.ee\/et\/wp-json\/wp\/v2\/pages\/3\/revisions\/26038"}],"wp:attachment":[{"href":"https:\/\/tanulikkus.ee\/et\/wp-json\/wp\/v2\/media?parent=3"}],"curies":[{"name":"wp","href":"https:\/\/api.w.org\/{rel}","templated":true}]}}