{"id":26119,"date":"2025-09-20T18:51:24","date_gmt":"2025-09-20T15:51:24","guid":{"rendered":"https:\/\/tanulikkus.ee\/?post_type=product&#038;p=26119"},"modified":"2025-09-29T02:57:21","modified_gmt":"2025-09-28T23:57:21","slug":"tanulikkuse-teekonna-komplekt","status":"publish","type":"product","link":"https:\/\/tanulikkus.ee\/et\/toode\/tanulikkuse-teekonna-komplekt\/","title":{"rendered":"T\u00e4nulikkuse Teekonna Komplekt"},"content":{"rendered":"","protected":false},"excerpt":{"rendered":"<p data-start=\"133\" data-end=\"355\">Kui Sa tunned, et igap\u00e4evaelu keerises on raske leida rahu ja tasakaalu, siis see komplekt on loodud just Sulle. See on kutse peatuda, hingata s\u00fcgavalt sisse ning avastada, kui palju head on Sinu elus juba praegu olemas.<\/p>\n<p data-start=\"357\" data-end=\"798\">Komplektis on:<br data-start=\"371\" data-end=\"374\" \/>\ud83c\udf38 <strong data-start=\"377\" data-end=\"401\">T\u00e4nulikkuse t\u00f6\u00f6vihik:<\/strong> Abivahend, mis aitab Sul samm-sammult avada t\u00e4nulikkuse j\u00f5udu ja luua endale toetavaid harjumusi.<br data-start=\"502\" data-end=\"505\" \/>\ud83c\udf38 <strong data-start=\"508\" data-end=\"531\">T\u00e4nulikkuse kaardid:<\/strong>\u00a0v\u00e4ikesed valgusehetked, mis annavad inspiratsiooni ja tuletavad meelde, et ilu peitub pisiasjades.<br data-start=\"632\" data-end=\"635\" \/>\ud83c\udf38 <strong data-start=\"638\" data-end=\"664\" data-is-only-node=\"\">45-minutiline coaching: <\/strong>turvaline ja s\u00fcdamlik ruum, kus Sa ei pea olema \u00fcksi. Sinu k\u00f5rval on keegi, kes kuulab, toetab ja aitab Sul leida tee t\u00e4nutundeni.<\/p>\n<p data-start=\"800\" data-end=\"967\">See komplekt ei ole lihtsalt toode, see on kingitus Sinu hingele.<br data-start=\"866\" data-end=\"869\" \/>V\u00f5imalus astuda samm l\u00e4hemale kergematele m\u00f5tetele, s\u00fcgavamale rahulolule ja teadlikumale elule.<\/p>\n<p>NB! Tegemist on digitaalse toote ja f\u00fc\u00fcsilise toote kombinatsiooniga. K\u00f5ik osad tarnitakse eraldi, coaching tuleb samuti eraldi kokku leppida!<\/p>","protected":false},"featured_media":26120,"comment_status":"open","ping_status":"closed","template":"","meta":{"om_disable_all_campaigns":false,"_monsterinsights_skip_tracking":false,"_monsterinsights_sitenote_active":false,"_monsterinsights_sitenote_note":"","_monsterinsights_sitenote_category":0,"_uf_show_specific_survey":0,"_uf_disable_surveys":false,"_wp_convertkit_post_meta":{"form":"-1","landing_page":"","tag":"0","restrict_content":"0"}},"product_brand":[],"product_cat":[28],"product_tag":[],"class_list":{"0":"post-26119","1":"product","2":"type-product","3":"status-publish","4":"has-post-thumbnail","6":"product_cat-toovihikud","8":"first","9":"instock","10":"downloadable","11":"shipping-taxable","12":"purchasable","13":"product-type-simple"},"yoast_head":"<!-- This site is optimized with the Yoast SEO plugin v27.4 - https:\/\/yoast.com\/product\/yoast-seo-wordpress\/ -->\n<title>T\u00e4nulikkuse Teekonna Komplekt - T\u00e4nulikkus<\/title>\n<meta name=\"robots\" content=\"index, follow, max-snippet:-1, max-image-preview:large, max-video-preview:-1\" \/>\n<link rel=\"canonical\" href=\"https:\/\/tanulikkus.ee\/et\/toode\/tanulikkuse-teekonna-komplekt\/\" \/>\n<meta property=\"og:locale\" content=\"et_EE\" \/>\n<meta property=\"og:type\" content=\"article\" \/>\n<meta property=\"og:title\" content=\"T\u00e4nulikkuse Teekonna Komplekt - T\u00e4nulikkus\" \/>\n<meta property=\"og:description\" content=\"Kui Sa tunned, et igap\u00e4evaelu keerises on raske leida rahu ja tasakaalu, siis see komplekt on loodud just Sulle. See on kutse peatuda, hingata s\u00fcgavalt sisse ning avastada, kui palju head on Sinu elus juba praegu olemas. Komplektis on:\ud83c\udf38 T\u00e4nulikkuse t\u00f6\u00f6vihik: Abivahend, mis aitab Sul samm-sammult avada t\u00e4nulikkuse j\u00f5udu ja luua endale toetavaid harjumusi.\ud83c\udf38 T\u00e4nulikkuse kaardid:\u00a0v\u00e4ikesed valgusehetked, mis annavad inspiratsiooni ja tuletavad meelde, et ilu peitub pisiasjades.\ud83c\udf38 45-minutiline coaching: turvaline ja s\u00fcdamlik ruum, kus Sa ei pea olema \u00fcksi. Sinu k\u00f5rval on keegi, kes kuulab, toetab ja aitab Sul leida tee t\u00e4nutundeni. See komplekt ei ole lihtsalt toode, see on kingitus Sinu hingele.V\u00f5imalus astuda samm l\u00e4hemale kergematele m\u00f5tetele, s\u00fcgavamale rahulolule ja teadlikumale elule. NB! Tegemist on digitaalse toote ja f\u00fc\u00fcsilise toote kombinatsiooniga. K\u00f5ik osad tarnitakse eraldi, coaching tuleb samuti eraldi kokku leppida!\" \/>\n<meta property=\"og:url\" content=\"https:\/\/tanulikkus.ee\/et\/toode\/tanulikkuse-teekonna-komplekt\/\" \/>\n<meta property=\"og:site_name\" content=\"T\u00e4nulikkus\" \/>\n<meta property=\"article:modified_time\" content=\"2025-09-28T23:57:21+00:00\" \/>\n<meta property=\"og:image\" content=\"https:\/\/www.tanulikkus.ee\/wp-content\/uploads\/2025\/09\/Tanulikkuse-teekond.png\" \/>\n\t<meta property=\"og:image:width\" content=\"589\" \/>\n\t<meta property=\"og:image:height\" content=\"774\" \/>\n\t<meta property=\"og:image:type\" content=\"image\/png\" \/>\n<meta name=\"twitter:card\" content=\"summary_large_image\" \/>\n<meta name=\"twitter:label1\" content=\"Est. reading time\" \/>\n\t<meta name=\"twitter:data1\" content=\"1 minut\" \/>\n<script type=\"application\/ld+json\" class=\"yoast-schema-graph\">{\"@context\":\"https:\\\/\\\/schema.org\",\"@graph\":[{\"@type\":\"WebPage\",\"@id\":\"https:\\\/\\\/tanulikkus.ee\\\/toode\\\/tanulikkuse-teekonna-komplekt\\\/\",\"url\":\"https:\\\/\\\/tanulikkus.ee\\\/toode\\\/tanulikkuse-teekonna-komplekt\\\/\",\"name\":\"T\u00e4nulikkuse Teekonna Komplekt - T\u00e4nulikkus\",\"isPartOf\":{\"@id\":\"https:\\\/\\\/tanulikkus.ee\\\/#website\"},\"primaryImageOfPage\":{\"@id\":\"https:\\\/\\\/tanulikkus.ee\\\/toode\\\/tanulikkuse-teekonna-komplekt\\\/#primaryimage\"},\"image\":{\"@id\":\"https:\\\/\\\/tanulikkus.ee\\\/toode\\\/tanulikkuse-teekonna-komplekt\\\/#primaryimage\"},\"thumbnailUrl\":\"https:\\\/\\\/tanulikkus.ee\\\/wp-content\\\/uploads\\\/2025\\\/09\\\/Tanulikkuse-teekond.png\",\"datePublished\":\"2025-09-20T15:51:24+00:00\",\"dateModified\":\"2025-09-28T23:57:21+00:00\",\"breadcrumb\":{\"@id\":\"https:\\\/\\\/tanulikkus.ee\\\/toode\\\/tanulikkuse-teekonna-komplekt\\\/#breadcrumb\"},\"inLanguage\":\"et\",\"potentialAction\":[{\"@type\":\"ReadAction\",\"target\":[\"https:\\\/\\\/tanulikkus.ee\\\/toode\\\/tanulikkuse-teekonna-komplekt\\\/\"]}]},{\"@type\":\"ImageObject\",\"inLanguage\":\"et\",\"@id\":\"https:\\\/\\\/tanulikkus.ee\\\/toode\\\/tanulikkuse-teekonna-komplekt\\\/#primaryimage\",\"url\":\"https:\\\/\\\/tanulikkus.ee\\\/wp-content\\\/uploads\\\/2025\\\/09\\\/Tanulikkuse-teekond.png\",\"contentUrl\":\"https:\\\/\\\/tanulikkus.ee\\\/wp-content\\\/uploads\\\/2025\\\/09\\\/Tanulikkuse-teekond.png\",\"width\":589,\"height\":774,\"caption\":\"T\u00e4nulikkuse teekond\"},{\"@type\":\"BreadcrumbList\",\"@id\":\"https:\\\/\\\/tanulikkus.ee\\\/toode\\\/tanulikkuse-teekonna-komplekt\\\/#breadcrumb\",\"itemListElement\":[{\"@type\":\"ListItem\",\"position\":1,\"name\":\"Kodu\",\"item\":\"https:\\\/\\\/tanulikkus.ee\\\/\"},{\"@type\":\"ListItem\",\"position\":2,\"name\":\"Pood\",\"item\":\"https:\\\/\\\/www.tanulikkus.ee\\\/pood\\\/\"},{\"@type\":\"ListItem\",\"position\":3,\"name\":\"T\u00e4nulikkuse Teekonna Komplekt\"}]},{\"@type\":\"WebSite\",\"@id\":\"https:\\\/\\\/tanulikkus.ee\\\/#website\",\"url\":\"https:\\\/\\\/tanulikkus.ee\\\/\",\"name\":\"T\u00e4nulikkus\",\"description\":\"T\u00e4nulikkus.ee\\\/t\u00e4nulikkusepodcast\",\"potentialAction\":[{\"@type\":\"SearchAction\",\"target\":{\"@type\":\"EntryPoint\",\"urlTemplate\":\"https:\\\/\\\/tanulikkus.ee\\\/?s={search_term_string}\"},\"query-input\":{\"@type\":\"PropertyValueSpecification\",\"valueRequired\":true,\"valueName\":\"search_term_string\"}}],\"inLanguage\":\"et\"}]}<\/script>\n<!-- \/ Yoast SEO plugin. -->","yoast_head_json":{"title":"T\u00e4nulikkuse Teekonna Komplekt - T\u00e4nulikkus","robots":{"index":"index","follow":"follow","max-snippet":"max-snippet:-1","max-image-preview":"max-image-preview:large","max-video-preview":"max-video-preview:-1"},"canonical":"https:\/\/tanulikkus.ee\/et\/toode\/tanulikkuse-teekonna-komplekt\/","og_locale":"et_EE","og_type":"article","og_title":"T\u00e4nulikkuse Teekonna Komplekt - T\u00e4nulikkus","og_description":"Kui Sa tunned, et igap\u00e4evaelu keerises on raske leida rahu ja tasakaalu, siis see komplekt on loodud just Sulle. See on kutse peatuda, hingata s\u00fcgavalt sisse ning avastada, kui palju head on Sinu elus juba praegu olemas. Komplektis on:\ud83c\udf38 T\u00e4nulikkuse t\u00f6\u00f6vihik: Abivahend, mis aitab Sul samm-sammult avada t\u00e4nulikkuse j\u00f5udu ja luua endale toetavaid harjumusi.\ud83c\udf38 T\u00e4nulikkuse kaardid:\u00a0v\u00e4ikesed valgusehetked, mis annavad inspiratsiooni ja tuletavad meelde, et ilu peitub pisiasjades.\ud83c\udf38 45-minutiline coaching: turvaline ja s\u00fcdamlik ruum, kus Sa ei pea olema \u00fcksi. Sinu k\u00f5rval on keegi, kes kuulab, toetab ja aitab Sul leida tee t\u00e4nutundeni. See komplekt ei ole lihtsalt toode, see on kingitus Sinu hingele.V\u00f5imalus astuda samm l\u00e4hemale kergematele m\u00f5tetele, s\u00fcgavamale rahulolule ja teadlikumale elule. NB! Tegemist on digitaalse toote ja f\u00fc\u00fcsilise toote kombinatsiooniga. K\u00f5ik osad tarnitakse eraldi, coaching tuleb samuti eraldi kokku leppida!","og_url":"https:\/\/tanulikkus.ee\/et\/toode\/tanulikkuse-teekonna-komplekt\/","og_site_name":"T\u00e4nulikkus","article_modified_time":"2025-09-28T23:57:21+00:00","og_image":[{"width":589,"height":774,"url":"https:\/\/www.tanulikkus.ee\/wp-content\/uploads\/2025\/09\/Tanulikkuse-teekond.png","type":"image\/png"}],"twitter_card":"summary_large_image","twitter_misc":{"Est. reading time":"1 minut"},"schema":{"@context":"https:\/\/schema.org","@graph":[{"@type":"WebPage","@id":"https:\/\/tanulikkus.ee\/toode\/tanulikkuse-teekonna-komplekt\/","url":"https:\/\/tanulikkus.ee\/toode\/tanulikkuse-teekonna-komplekt\/","name":"T\u00e4nulikkuse Teekonna Komplekt - T\u00e4nulikkus","isPartOf":{"@id":"https:\/\/tanulikkus.ee\/#website"},"primaryImageOfPage":{"@id":"https:\/\/tanulikkus.ee\/toode\/tanulikkuse-teekonna-komplekt\/#primaryimage"},"image":{"@id":"https:\/\/tanulikkus.ee\/toode\/tanulikkuse-teekonna-komplekt\/#primaryimage"},"thumbnailUrl":"https:\/\/tanulikkus.ee\/wp-content\/uploads\/2025\/09\/Tanulikkuse-teekond.png","datePublished":"2025-09-20T15:51:24+00:00","dateModified":"2025-09-28T23:57:21+00:00","breadcrumb":{"@id":"https:\/\/tanulikkus.ee\/toode\/tanulikkuse-teekonna-komplekt\/#breadcrumb"},"inLanguage":"et","potentialAction":[{"@type":"ReadAction","target":["https:\/\/tanulikkus.ee\/toode\/tanulikkuse-teekonna-komplekt\/"]}]},{"@type":"ImageObject","inLanguage":"et","@id":"https:\/\/tanulikkus.ee\/toode\/tanulikkuse-teekonna-komplekt\/#primaryimage","url":"https:\/\/tanulikkus.ee\/wp-content\/uploads\/2025\/09\/Tanulikkuse-teekond.png","contentUrl":"https:\/\/tanulikkus.ee\/wp-content\/uploads\/2025\/09\/Tanulikkuse-teekond.png","width":589,"height":774,"caption":"T\u00e4nulikkuse teekond"},{"@type":"BreadcrumbList","@id":"https:\/\/tanulikkus.ee\/toode\/tanulikkuse-teekonna-komplekt\/#breadcrumb","itemListElement":[{"@type":"ListItem","position":1,"name":"Kodu","item":"https:\/\/tanulikkus.ee\/"},{"@type":"ListItem","position":2,"name":"Pood","item":"https:\/\/www.tanulikkus.ee\/pood\/"},{"@type":"ListItem","position":3,"name":"T\u00e4nulikkuse Teekonna Komplekt"}]},{"@type":"WebSite","@id":"https:\/\/tanulikkus.ee\/#website","url":"https:\/\/tanulikkus.ee\/","name":"T\u00e4nulikkus","description":"T\u00e4nulikkus.ee\/t\u00e4nulikkusepodcast","potentialAction":[{"@type":"SearchAction","target":{"@type":"EntryPoint","urlTemplate":"https:\/\/tanulikkus.ee\/?s={search_term_string}"},"query-input":{"@type":"PropertyValueSpecification","valueRequired":true,"valueName":"search_term_string"}}],"inLanguage":"et"}]}},"_links":{"self":[{"href":"https:\/\/tanulikkus.ee\/et\/wp-json\/wp\/v2\/product\/26119","targetHints":{"allow":["GET"]}}],"collection":[{"href":"https:\/\/tanulikkus.ee\/et\/wp-json\/wp\/v2\/product"}],"about":[{"href":"https:\/\/tanulikkus.ee\/et\/wp-json\/wp\/v2\/types\/product"}],"replies":[{"embeddable":true,"href":"https:\/\/tanulikkus.ee\/et\/wp-json\/wp\/v2\/comments?post=26119"}],"wp:featuredmedia":[{"embeddable":true,"href":"https:\/\/tanulikkus.ee\/et\/wp-json\/wp\/v2\/media\/26120"}],"wp:attachment":[{"href":"https:\/\/tanulikkus.ee\/et\/wp-json\/wp\/v2\/media?parent=26119"}],"wp:term":[{"taxonomy":"product_brand","embeddable":true,"href":"https:\/\/tanulikkus.ee\/et\/wp-json\/wp\/v2\/product_brand?post=26119"},{"taxonomy":"product_cat","embeddable":true,"href":"https:\/\/tanulikkus.ee\/et\/wp-json\/wp\/v2\/product_cat?post=26119"},{"taxonomy":"product_tag","embeddable":true,"href":"https:\/\/tanulikkus.ee\/et\/wp-json\/wp\/v2\/product_tag?post=26119"}],"curies":[{"name":"wp","href":"https:\/\/api.w.org\/{rel}","templated":true}]}}