{"id":26515,"date":"2026-04-06T20:15:22","date_gmt":"2026-04-06T17:15:22","guid":{"rendered":"https:\/\/tanulikkus.ee\/?post_type=product&#038;p=26515"},"modified":"2026-04-27T11:16:01","modified_gmt":"2026-04-27T08:16:01","slug":"koolitus-tanutundest-tegudeni","status":"publish","type":"product","link":"https:\/\/tanulikkus.ee\/et\/toode\/koolitus-tanutundest-tegudeni\/","title":{"rendered":"&#8220;T\u00e4nutundest tegudeni&#8221; koolitus"},"content":{"rendered":"<div class=\"elementor-element elementor-element-76c06cb elementor-widget elementor-widget-heading\" data-id=\"76c06cb\" data-element_type=\"widget\" data-e-type=\"widget\" data-widget_type=\"heading.default\">\n<div class=\"elementor-widget-container\">\n<h2 class=\"elementor-heading-title elementor-size-default\">Mitte uus tehnika. Uus suund.<\/h2>\n<\/div>\n<\/div>\n<div class=\"elementor-element elementor-element-a6fcdf9 elementor-widget elementor-widget-text-editor\" data-id=\"a6fcdf9\" data-element_type=\"widget\" data-e-type=\"widget\" data-widget_type=\"text-editor.default\">\n<div class=\"elementor-widget-container\">\n<p><span>Koolitus on \u00fcles ehitatud p\u00f5him\u00f5ttele, et\u00a0<\/span><strong>t\u00e4nutunne \u00fcksi ei muuda midagi<\/strong><span>, see on alles algus.<br \/>\nMe l\u00f5petame asjade ilusaks m\u00f5tlemise ja hakkame neid ilusaks tegema.<\/span><\/p>\n<\/div>\n<\/div>","protected":false},"excerpt":{"rendered":"<section class=\"elementor-section elementor-top-section elementor-element elementor-element-82fafdd elementor-section-boxed elementor-section-height-default elementor-section-height-default\" data-id=\"82fafdd\" data-element_type=\"section\" data-e-type=\"section\">\n<div class=\"elementor-container elementor-column-gap-default\">\n<div class=\"elementor-column elementor-col-100 elementor-top-column elementor-element elementor-element-ebfe039\" data-id=\"ebfe039\" data-element_type=\"column\" data-e-type=\"column\">\n<div class=\"elementor-widget-wrap elementor-element-populated\">\n<div class=\"elementor-element elementor-element-9b3f8da elementor-widget elementor-widget-heading\" data-id=\"9b3f8da\" data-element_type=\"widget\" data-e-type=\"widget\" data-widget_type=\"heading.default\">\n<div class=\"elementor-widget-container\">\n<h3 class=\"elementor-heading-title elementor-size-default\">K\u00f5ik on justkui korras.<br \/>\nAga miski ei anna ikkagi rahu.<\/h3>\n<\/div>\n<\/div>\n<\/div>\n<\/div>\n<\/div>\n<\/section>\n<section class=\"elementor-section elementor-top-section elementor-element elementor-element-e0024a0 elementor-section-boxed elementor-section-height-default elementor-section-height-default\" data-id=\"e0024a0\" data-element_type=\"section\" data-e-type=\"section\">\n<div class=\"elementor-container elementor-column-gap-default\">\n<div class=\"elementor-column elementor-col-100 elementor-top-column elementor-element elementor-element-9048275\" data-id=\"9048275\" data-element_type=\"column\" data-e-type=\"column\">\n<div class=\"elementor-widget-wrap elementor-element-populated\">\n<div class=\"elementor-element elementor-element-a743c3d elementor-widget elementor-widget-text-editor\" data-id=\"a743c3d\" data-element_type=\"widget\" data-e-type=\"widget\" data-widget_type=\"text-editor.default\">\n<div class=\"elementor-widget-container\">\n<p>Sa tead, et t\u00e4nutunne on oluline. V\u00f5ib-olla oled seda isegi harjutanud. Aga oled siiski m\u00e4rganud, et see \u00fcksi ei muuda midagi, elu l\u00e4heb edasi t\u00e4pselt samamoodi. Kui ka Sina tunned, et t\u00e4nutundest \u00fcksi ei piisa, et miski on j\u00e4\u00e4nud poolikuks v\u00f5i tegemata, siis see koolitus on Sulle.<\/p>\n<p>See ei r\u00e4\u00e4gi sellest, kuidas rohkem t\u00e4nulik olla. See r\u00e4\u00e4gib sellest, mida teha selle t\u00e4nutundega, mis Sul juba olemas on, kuidas liikuda sealt edasi ja j\u00f5uda p\u00e4ris muutuseni oma elus.<\/p>\n<div class=\"elementor-element elementor-element-548e790 elementor-widget elementor-widget-heading\" data-id=\"548e790\" data-element_type=\"widget\" data-e-type=\"widget\" data-widget_type=\"heading.default\">\n<div class=\"elementor-widget-container\">\n<h2 class=\"elementor-heading-title elementor-size-default\">7 sessiooni.<br \/>\nV\u00e4ike grupp. Arutelu teistega.<\/h2>\n<\/div>\n<\/div>\n<div class=\"elementor-element elementor-element-afed47f elementor-widget elementor-widget-text-editor\" data-id=\"afed47f\" data-element_type=\"widget\" data-e-type=\"widget\" data-widget_type=\"text-editor.default\">\n<div class=\"elementor-widget-container\">\n<p class=\"prose\">Iga sessioon koosneb kahest osast:<span>\u00a0<\/span><strong>teooria<\/strong>, mis avab teema, ja<span>\u00a0<\/span><strong>arutelu ning \u00fclesanded<\/strong>, kus iga osaleja saab oma kogemuse ja m\u00f5tted l\u00e4bi t\u00f6\u00f6tada.<\/p>\n<p class=\"prose\">Grupi suurus on<span>\u00a0<\/span><strong>teadlikult piiratud<\/strong>, maksimaalselt 10-le inimesele. V\u00e4iksemas grupis tekib ps\u00fchholoogiline turvatunne, mis on hea kogemuse ja p\u00e4riselt kaasav\u00f5etavate praktikate alus. P\u00e4ris arutelud, p\u00e4ris avanemine ja p\u00e4ris muutus saavad s\u00fcndida ainult siis, kui iga\u00fcks saab ruumis h\u00e4\u00e4le ja koha.<\/p>\n<\/div>\n<\/div>\n<\/div>\n<\/div>\n<\/div>\n<\/div>\n<\/div>\n<\/section>","protected":false},"featured_media":26516,"comment_status":"open","ping_status":"closed","template":"","meta":{"om_disable_all_campaigns":false,"rop_custom_images_group":[],"rop_custom_messages_group":[],"rop_publish_now":"initial","rop_publish_now_accounts":[],"rop_publish_now_history":[],"rop_publish_now_status":"pending","_monsterinsights_skip_tracking":false,"_monsterinsights_sitenote_active":false,"_monsterinsights_sitenote_note":"","_monsterinsights_sitenote_category":0,"_uf_show_specific_survey":0,"_uf_disable_surveys":false,"_wp_convertkit_post_meta":{"form":"-1","landing_page":"","tag":"0","restrict_content":"0"}},"product_brand":[],"product_cat":[29],"product_tag":[],"class_list":{"0":"post-26515","1":"product","2":"type-product","3":"status-publish","4":"has-post-thumbnail","6":"product_cat-koolitused","8":"first","9":"instock","10":"shipping-taxable","11":"purchasable","12":"product-type-simple"},"yoast_head":"<!-- This site is optimized with the Yoast SEO plugin v27.5 - https:\/\/yoast.com\/product\/yoast-seo-wordpress\/ -->\n<title>&quot;T\u00e4nutundest tegudeni&quot; koolitus - T\u00e4nulikkus<\/title>\n<meta name=\"description\" content=\"Koolitus T\u00e4nutundest tegudeni \u00f5petab Sulle t\u00e4nulikkuse laiemat ja s\u00fcgavamat pilti. T\u00e4nutunne on tasakaalu ja motivatsiooni allikas.\" \/>\n<meta name=\"robots\" content=\"index, follow, max-snippet:-1, max-image-preview:large, max-video-preview:-1\" \/>\n<link rel=\"canonical\" href=\"https:\/\/www.tanulikkus.ee\/toode\/koolitus-tanutundest-tegudeni\/\" \/>\n<meta property=\"og:locale\" content=\"et_EE\" \/>\n<meta property=\"og:type\" content=\"article\" \/>\n<meta property=\"og:title\" content=\"&quot;T\u00e4nutundest tegudeni&quot; koolitus - T\u00e4nulikkus\" \/>\n<meta property=\"og:description\" content=\"Koolitus T\u00e4nutundest tegudeni \u00f5petab Sulle t\u00e4nulikkuse laiemat ja s\u00fcgavamat pilti. T\u00e4nutunne on tasakaalu ja motivatsiooni allikas.\" \/>\n<meta property=\"og:url\" content=\"https:\/\/www.tanulikkus.ee\/toode\/koolitus-tanutundest-tegudeni\/\" \/>\n<meta property=\"og:site_name\" content=\"T\u00e4nulikkus\" \/>\n<meta property=\"article:modified_time\" content=\"2026-04-27T08:16:01+00:00\" \/>\n<meta property=\"og:image\" content=\"https:\/\/tanulikkus.ee\/wp-content\/uploads\/2026\/04\/Fooniks.png\" \/>\n\t<meta property=\"og:image:width\" content=\"591\" \/>\n\t<meta property=\"og:image:height\" content=\"462\" \/>\n\t<meta property=\"og:image:type\" content=\"image\/png\" \/>\n<meta name=\"twitter:card\" content=\"summary_large_image\" \/>\n<meta name=\"twitter:label1\" content=\"Est. reading time\" \/>\n\t<meta name=\"twitter:data1\" content=\"1 minut\" \/>\n<script type=\"application\/ld+json\" class=\"yoast-schema-graph\">{\"@context\":\"https:\\\/\\\/schema.org\",\"@graph\":[{\"@type\":\"WebPage\",\"@id\":\"https:\\\/\\\/www.tanulikkus.ee\\\/toode\\\/koolitus-tanutundest-tegudeni\\\/\",\"url\":\"https:\\\/\\\/www.tanulikkus.ee\\\/toode\\\/koolitus-tanutundest-tegudeni\\\/\",\"name\":\"\\\"T\u00e4nutundest tegudeni\\\" koolitus - T\u00e4nulikkus\",\"isPartOf\":{\"@id\":\"https:\\\/\\\/tanulikkus.ee\\\/et\\\/#website\"},\"primaryImageOfPage\":{\"@id\":\"https:\\\/\\\/www.tanulikkus.ee\\\/toode\\\/koolitus-tanutundest-tegudeni\\\/#primaryimage\"},\"image\":{\"@id\":\"https:\\\/\\\/www.tanulikkus.ee\\\/toode\\\/koolitus-tanutundest-tegudeni\\\/#primaryimage\"},\"thumbnailUrl\":\"https:\\\/\\\/tanulikkus.ee\\\/wp-content\\\/uploads\\\/2026\\\/04\\\/Fooniks.png\",\"datePublished\":\"2026-04-06T17:15:22+00:00\",\"dateModified\":\"2026-04-27T08:16:01+00:00\",\"description\":\"Koolitus T\u00e4nutundest tegudeni \u00f5petab Sulle t\u00e4nulikkuse laiemat ja s\u00fcgavamat pilti. T\u00e4nutunne on tasakaalu ja motivatsiooni allikas.\",\"breadcrumb\":{\"@id\":\"https:\\\/\\\/www.tanulikkus.ee\\\/toode\\\/koolitus-tanutundest-tegudeni\\\/#breadcrumb\"},\"inLanguage\":\"et\",\"potentialAction\":[{\"@type\":\"ReadAction\",\"target\":[\"https:\\\/\\\/www.tanulikkus.ee\\\/toode\\\/koolitus-tanutundest-tegudeni\\\/\"]}]},{\"@type\":\"ImageObject\",\"inLanguage\":\"et\",\"@id\":\"https:\\\/\\\/www.tanulikkus.ee\\\/toode\\\/koolitus-tanutundest-tegudeni\\\/#primaryimage\",\"url\":\"https:\\\/\\\/tanulikkus.ee\\\/wp-content\\\/uploads\\\/2026\\\/04\\\/Fooniks.png\",\"contentUrl\":\"https:\\\/\\\/tanulikkus.ee\\\/wp-content\\\/uploads\\\/2026\\\/04\\\/Fooniks.png\",\"width\":591,\"height\":462},{\"@type\":\"BreadcrumbList\",\"@id\":\"https:\\\/\\\/www.tanulikkus.ee\\\/toode\\\/koolitus-tanutundest-tegudeni\\\/#breadcrumb\",\"itemListElement\":[{\"@type\":\"ListItem\",\"position\":1,\"name\":\"Kodu\",\"item\":\"https:\\\/\\\/tanulikkus.ee\\\/et\\\/\"},{\"@type\":\"ListItem\",\"position\":2,\"name\":\"Pood\",\"item\":\"https:\\\/\\\/tanulikkus.ee\\\/pood\\\/\"},{\"@type\":\"ListItem\",\"position\":3,\"name\":\"&#8220;T\u00e4nutundest tegudeni&#8221; koolitus\"}]},{\"@type\":\"WebSite\",\"@id\":\"https:\\\/\\\/tanulikkus.ee\\\/et\\\/#website\",\"url\":\"https:\\\/\\\/tanulikkus.ee\\\/et\\\/\",\"name\":\"T\u00e4nulikkus\",\"description\":\"T\u00e4nulikkus.ee\\\/t\u00e4nulikkusepodcast\",\"potentialAction\":[{\"@type\":\"SearchAction\",\"target\":{\"@type\":\"EntryPoint\",\"urlTemplate\":\"https:\\\/\\\/tanulikkus.ee\\\/et\\\/?s={search_term_string}\"},\"query-input\":{\"@type\":\"PropertyValueSpecification\",\"valueRequired\":true,\"valueName\":\"search_term_string\"}}],\"inLanguage\":\"et\"}]}<\/script>\n<!-- \/ Yoast SEO plugin. -->","yoast_head_json":{"title":"\"T\u00e4nutundest tegudeni\" koolitus - T\u00e4nulikkus","description":"Koolitus T\u00e4nutundest tegudeni \u00f5petab Sulle t\u00e4nulikkuse laiemat ja s\u00fcgavamat pilti. T\u00e4nutunne on tasakaalu ja motivatsiooni allikas.","robots":{"index":"index","follow":"follow","max-snippet":"max-snippet:-1","max-image-preview":"max-image-preview:large","max-video-preview":"max-video-preview:-1"},"canonical":"https:\/\/www.tanulikkus.ee\/toode\/koolitus-tanutundest-tegudeni\/","og_locale":"et_EE","og_type":"article","og_title":"\"T\u00e4nutundest tegudeni\" koolitus - T\u00e4nulikkus","og_description":"Koolitus T\u00e4nutundest tegudeni \u00f5petab Sulle t\u00e4nulikkuse laiemat ja s\u00fcgavamat pilti. T\u00e4nutunne on tasakaalu ja motivatsiooni allikas.","og_url":"https:\/\/www.tanulikkus.ee\/toode\/koolitus-tanutundest-tegudeni\/","og_site_name":"T\u00e4nulikkus","article_modified_time":"2026-04-27T08:16:01+00:00","og_image":[{"width":591,"height":462,"url":"https:\/\/tanulikkus.ee\/wp-content\/uploads\/2026\/04\/Fooniks.png","type":"image\/png"}],"twitter_card":"summary_large_image","twitter_misc":{"Est. reading time":"1 minut"},"schema":{"@context":"https:\/\/schema.org","@graph":[{"@type":"WebPage","@id":"https:\/\/www.tanulikkus.ee\/toode\/koolitus-tanutundest-tegudeni\/","url":"https:\/\/www.tanulikkus.ee\/toode\/koolitus-tanutundest-tegudeni\/","name":"\"T\u00e4nutundest tegudeni\" koolitus - T\u00e4nulikkus","isPartOf":{"@id":"https:\/\/tanulikkus.ee\/et\/#website"},"primaryImageOfPage":{"@id":"https:\/\/www.tanulikkus.ee\/toode\/koolitus-tanutundest-tegudeni\/#primaryimage"},"image":{"@id":"https:\/\/www.tanulikkus.ee\/toode\/koolitus-tanutundest-tegudeni\/#primaryimage"},"thumbnailUrl":"https:\/\/tanulikkus.ee\/wp-content\/uploads\/2026\/04\/Fooniks.png","datePublished":"2026-04-06T17:15:22+00:00","dateModified":"2026-04-27T08:16:01+00:00","description":"Koolitus T\u00e4nutundest tegudeni \u00f5petab Sulle t\u00e4nulikkuse laiemat ja s\u00fcgavamat pilti. T\u00e4nutunne on tasakaalu ja motivatsiooni allikas.","breadcrumb":{"@id":"https:\/\/www.tanulikkus.ee\/toode\/koolitus-tanutundest-tegudeni\/#breadcrumb"},"inLanguage":"et","potentialAction":[{"@type":"ReadAction","target":["https:\/\/www.tanulikkus.ee\/toode\/koolitus-tanutundest-tegudeni\/"]}]},{"@type":"ImageObject","inLanguage":"et","@id":"https:\/\/www.tanulikkus.ee\/toode\/koolitus-tanutundest-tegudeni\/#primaryimage","url":"https:\/\/tanulikkus.ee\/wp-content\/uploads\/2026\/04\/Fooniks.png","contentUrl":"https:\/\/tanulikkus.ee\/wp-content\/uploads\/2026\/04\/Fooniks.png","width":591,"height":462},{"@type":"BreadcrumbList","@id":"https:\/\/www.tanulikkus.ee\/toode\/koolitus-tanutundest-tegudeni\/#breadcrumb","itemListElement":[{"@type":"ListItem","position":1,"name":"Kodu","item":"https:\/\/tanulikkus.ee\/et\/"},{"@type":"ListItem","position":2,"name":"Pood","item":"https:\/\/tanulikkus.ee\/pood\/"},{"@type":"ListItem","position":3,"name":"&#8220;T\u00e4nutundest tegudeni&#8221; koolitus"}]},{"@type":"WebSite","@id":"https:\/\/tanulikkus.ee\/et\/#website","url":"https:\/\/tanulikkus.ee\/et\/","name":"T\u00e4nulikkus","description":"T\u00e4nulikkus.ee\/t\u00e4nulikkusepodcast","potentialAction":[{"@type":"SearchAction","target":{"@type":"EntryPoint","urlTemplate":"https:\/\/tanulikkus.ee\/et\/?s={search_term_string}"},"query-input":{"@type":"PropertyValueSpecification","valueRequired":true,"valueName":"search_term_string"}}],"inLanguage":"et"}]}},"_links":{"self":[{"href":"https:\/\/tanulikkus.ee\/et\/wp-json\/wp\/v2\/product\/26515","targetHints":{"allow":["GET"]}}],"collection":[{"href":"https:\/\/tanulikkus.ee\/et\/wp-json\/wp\/v2\/product"}],"about":[{"href":"https:\/\/tanulikkus.ee\/et\/wp-json\/wp\/v2\/types\/product"}],"replies":[{"embeddable":true,"href":"https:\/\/tanulikkus.ee\/et\/wp-json\/wp\/v2\/comments?post=26515"}],"wp:featuredmedia":[{"embeddable":true,"href":"https:\/\/tanulikkus.ee\/et\/wp-json\/wp\/v2\/media\/26516"}],"wp:attachment":[{"href":"https:\/\/tanulikkus.ee\/et\/wp-json\/wp\/v2\/media?parent=26515"}],"wp:term":[{"taxonomy":"product_brand","embeddable":true,"href":"https:\/\/tanulikkus.ee\/et\/wp-json\/wp\/v2\/product_brand?post=26515"},{"taxonomy":"product_cat","embeddable":true,"href":"https:\/\/tanulikkus.ee\/et\/wp-json\/wp\/v2\/product_cat?post=26515"},{"taxonomy":"product_tag","embeddable":true,"href":"https:\/\/tanulikkus.ee\/et\/wp-json\/wp\/v2\/product_tag?post=26515"}],"curies":[{"name":"wp","href":"https:\/\/api.w.org\/{rel}","templated":true}]}}